{"id":1350,"date":"2025-10-31T16:39:16","date_gmt":"2025-10-31T16:39:16","guid":{"rendered":"https:\/\/theendbookeditors.com\/?page_id=1350"},"modified":"2025-11-07T14:53:45","modified_gmt":"2025-11-07T14:53:45","slug":"prologue-2","status":"publish","type":"page","link":"https:\/\/theendbookeditors.com\/es\/prologue-2\/","title":{"rendered":"Pr\u00f3logo"},"content":{"rendered":"<figure class=\"wp-block-image aligncenter size-full\"><img loading=\"lazy\" decoding=\"async\" width=\"500\" height=\"364\" src=\"https:\/\/i0.wp.com\/theendbookeditors.com\/wp-content\/uploads\/2025\/11\/500Book.jpg?fit=500%2C364&amp;ssl=1\" alt=\"\" class=\"wp-image-1445\" srcset=\"https:\/\/i0.wp.com\/theendbookeditors.com\/wp-content\/uploads\/2025\/11\/500Book.jpg?w=500&amp;ssl=1 500w, https:\/\/i0.wp.com\/theendbookeditors.com\/wp-content\/uploads\/2025\/11\/500Book.jpg?resize=300%2C218&amp;ssl=1 300w, https:\/\/i0.wp.com\/theendbookeditors.com\/wp-content\/uploads\/2025\/11\/500Book.jpg?resize=16%2C12&amp;ssl=1 16w\" sizes=\"auto, (max-width: 500px) 100vw, 500px\" \/><\/figure>\n\n\n\n<p class=\"\">\u00a1Muchas felicidades! Ya escribiste la palabra \"fin\" en tu manuscrito.<\/p>\n\n\n\n<p class=\"\">\u00bfEst\u00e1s listo para que un editor de libros profesional revise tu manuscrito? \u00a1Este es el comienzo de tu proceso de edici\u00f3n y estoy muy emocionada por ti!<\/p>\n\n\n\n<p class=\"\">Estoy aqu\u00ed para ayudarte. Te recomiendo comenzar el proceso de edici\u00f3n con una revisi\u00f3n del manuscrito. Pero si a\u00fan no est\u00e1s listo para enviar el manuscrito completo, no hay problema. Puedes solicitar una revisi\u00f3n de muestra de las primeras 50 p\u00e1ginas o 3 cap\u00edtulos de tu novela. <\/p>\n\n\n\n<p class=\"\"><\/p>\n\n\n\n<p class=\"has-large-font-size\"><strong>\u00bfQu\u00e9 es una revisi\u00f3n de muestra?<\/strong> <\/p>\n\n\n\n<p class=\"\">Una revisi\u00f3n de muestra consiste en revisar las primeras 50 p\u00e1ginas o 3 cap\u00edtulos de su manuscrito. El objetivo es identificar aspectos de la historia que a\u00fan necesitan trabajo y ofrecer una idea de c\u00f3mo la edici\u00f3n profesional puede beneficiar su manuscrito.<\/p>\n\n\n\n<p class=\"has-large-font-size\"><strong>\u00bfQu\u00e9 incluye este servicio?<\/strong><\/p>\n\n\n\n<ul class=\"wp-block-list\">\n<li class=\"\">Una lectura detallada de las primeras 50 p\u00e1ginas o 3 cap\u00edtulos de tu manuscrito.<\/li>\n\n\n\n<li class=\"\">Una carta editorial escrita donde eval\u00fao el manuscrito y ofrezco observaciones y sugerencias para mejorar la historia. Estas observaciones incluyen, por ejemplo, los cinco aspectos que considero importantes para terminar un libro: \u00bfMe gustan los personajes? \u00bfEs la meta o el impulso narrativo del personaje lo suficientemente fuerte como para mantenerme enganchado hasta el final? \u00bfConecto con el\/los protagonista\/s y sus motivaciones? \u00bfMe resultan simp\u00e1ticos o no? \u00bfEs la trama demasiado compleja o demasiado simple? En esta carta editorial, tambi\u00e9n te doy sugerencias y ejemplos de otros libros que muestran c\u00f3mo otros autores logran mantener a los lectores cautivados en sus historias. <\/li>\n<\/ul>\n\n\n\n<p class=\"has-large-font-size\">Extra: <\/p>\n\n\n\n<p class=\"\">An\u00e1lisis del Cap\u00edtulo 1 para determinar si tiene: 1) Gancho; 2) Punto de entrada; 3) Preparaci\u00f3n para el incidente incitador y 4) Incidente incitador. <\/p>\n\n\n\n<p class=\"\"><\/p>\n\n\n\n<figure class=\"wp-block-image aligncenter size-full\"><img loading=\"lazy\" decoding=\"async\" width=\"500\" height=\"315\" src=\"https:\/\/i0.wp.com\/theendbookeditors.com\/wp-content\/uploads\/2025\/11\/500Chapter1.jpg?fit=500%2C315&amp;ssl=1\" alt=\"\" class=\"wp-image-1437\" srcset=\"https:\/\/i0.wp.com\/theendbookeditors.com\/wp-content\/uploads\/2025\/11\/500Chapter1.jpg?w=500&amp;ssl=1 500w, https:\/\/i0.wp.com\/theendbookeditors.com\/wp-content\/uploads\/2025\/11\/500Chapter1.jpg?resize=300%2C189&amp;ssl=1 300w, https:\/\/i0.wp.com\/theendbookeditors.com\/wp-content\/uploads\/2025\/11\/500Chapter1.jpg?resize=18%2C12&amp;ssl=1 18w\" sizes=\"auto, (max-width: 500px) 100vw, 500px\" \/><\/figure>\n\n\n\n<p class=\"\"><\/p>\n\n\n\n<p class=\"has-large-font-size\"><strong>\u00bfEn cu\u00e1ntas revisiones de muestra trabajo al mes?<\/strong><\/p>\n\n\n\n<p class=\"\">Tres. Solamente trabajo en tres revisiones de muestra al mes. Solamente recibo proyectos nuevos a principios de mes.<\/p>\n\n\n\n<p class=\"\">Si te interesa, por favor reserva tu lugar ahora.<\/p>\n\n\n\n<p class=\"has-large-font-size\"><strong>\u00bfEn qu\u00e9 consiste el proceso?<\/strong><\/p>\n\n\n\n<ul class=\"wp-block-list\">\n<li class=\"\">Por favor conteste un cuestionario donde le hago preguntas sobre su libro. Esto me ayudar\u00e1 a conocerlo mejor y a comprender su visi\u00f3n del mismo. Completa la encuesta <a href=\"https:\/\/docs.google.com\/forms\/d\/e\/1FAIpQLSfElfwPi6d0QrxN0Wba_6z5k6K-hQJp-XeDlJ5MWZViKquXlw\/viewform?usp=header\">aqu\u00ed<\/a>.<\/li>\n\n\n\n<li class=\"\">Reserva tu lugar y me pondr\u00e9 en contacto contigo directamente para acordar los plazos de entrega. <\/li>\n<\/ul>\n\n\n\n<p class=\"has-large-font-size\"><strong>\u00bfCu\u00e1nto cuesta este servicio?<\/strong><\/p>\n\n\n\n<p class=\"\">Este servicio cuesta $100 USD. El valor equivalente en MXN se calcular\u00e1 de acuerdo al cambio de divisas del d\u00eda en que se realice el presupuesto. <\/p>\n\n\n\n<p class=\"\">Si posteriormente decide seguir adelante con una evaluaci\u00f3n de su manuscrito completo, este pago se abonar\u00e1 al costo de la revisi\u00f3n del manuscrito. <\/p>\n\n\n\n<div class=\"wp-block-buttons is-content-justification-center is-layout-flex wp-container-core-buttons-is-layout-a89b3969 wp-block-buttons-is-layout-flex\">\n<div class=\"wp-block-button\"><a class=\"wp-block-button__link wp-element-button\" href=\"https:\/\/theendbookeditors.com\/es\/payment\/\" target=\"_blank\" rel=\"noreferrer noopener\"><strong>Reserve Your Spot Now<\/strong><\/a><\/div>\n<\/div>","protected":false},"excerpt":{"rendered":"<p>Congratulations! You&#8217;ve written &#8220;The End&#8221;. Are you ready for a professional book editor to take a look at your manuscript now? This is the beginning of your editing journey and I&#8217;m excited for you! I&#8217;m here to help. I recommend starting your editing journey with a manuscript review. But if you&#8217;re not ready to submit [&hellip;]<\/p>\n","protected":false},"author":1,"featured_media":0,"parent":0,"menu_order":0,"comment_status":"closed","ping_status":"closed","template":"","meta":{"nf_dc_page":"","om_disable_all_campaigns":false,"_monsterinsights_skip_tracking":false,"_monsterinsights_sitenote_active":false,"_monsterinsights_sitenote_note":"","_monsterinsights_sitenote_category":0,"footnotes":""},"class_list":["post-1350","page","type-page","status-publish","hentry"],"yoast_head":"<!-- This site is optimized with the Yoast SEO plugin v27.4 - https:\/\/yoast.com\/product\/yoast-seo-wordpress\/ -->\n<title>Prologue - &quot;The End&quot; Book Editors<\/title>\n<meta name=\"robots\" content=\"index, follow, max-snippet:-1, max-image-preview:large, max-video-preview:-1\" \/>\n<link rel=\"canonical\" href=\"https:\/\/theendbookeditors.com\/es\/prologue-2\/\" \/>\n<meta property=\"og:locale\" content=\"es_MX\" \/>\n<meta property=\"og:type\" content=\"article\" \/>\n<meta property=\"og:title\" content=\"Prologue - &quot;The End&quot; Book Editors\" \/>\n<meta property=\"og:description\" content=\"Congratulations! You&#8217;ve written &#8220;The End&#8221;. Are you ready for a professional book editor to take a look at your manuscript now? This is the beginning of your editing journey and I&#8217;m excited for you! I&#8217;m here to help. I recommend starting your editing journey with a manuscript review. But if you&#8217;re not ready to submit [&hellip;]\" \/>\n<meta property=\"og:url\" content=\"https:\/\/theendbookeditors.com\/es\/prologue-2\/\" \/>\n<meta property=\"og:site_name\" content=\"&quot;The End&quot; Book Editors\" \/>\n<meta property=\"article:modified_time\" content=\"2025-11-07T14:53:45+00:00\" \/>\n<meta property=\"og:image\" content=\"https:\/\/i0.wp.com\/theendbookeditors.com\/wp-content\/uploads\/2025\/11\/500Book.jpg?fit=500%2C364&ssl=1\" \/>\n\t<meta property=\"og:image:width\" content=\"500\" \/>\n\t<meta property=\"og:image:height\" content=\"364\" \/>\n\t<meta property=\"og:image:type\" content=\"image\/jpeg\" \/>\n<meta name=\"twitter:card\" content=\"summary_large_image\" \/>\n<meta name=\"twitter:label1\" content=\"Tiempo de lectura\" \/>\n\t<meta name=\"twitter:data1\" content=\"3 minutos\" \/>\n<script type=\"application\/ld+json\" class=\"yoast-schema-graph\">{\"@context\":\"https:\\\/\\\/schema.org\",\"@graph\":[{\"@type\":\"WebPage\",\"@id\":\"https:\\\/\\\/theendbookeditors.com\\\/prologue-2\\\/\",\"url\":\"https:\\\/\\\/theendbookeditors.com\\\/prologue-2\\\/\",\"name\":\"Prologue - &quot;The End&quot; Book Editors\",\"isPartOf\":{\"@id\":\"http:\\\/\\\/box2135.temp.domains\\\/~theendb1\\\/#website\"},\"primaryImageOfPage\":{\"@id\":\"https:\\\/\\\/theendbookeditors.com\\\/prologue-2\\\/#primaryimage\"},\"image\":{\"@id\":\"https:\\\/\\\/theendbookeditors.com\\\/prologue-2\\\/#primaryimage\"},\"thumbnailUrl\":\"https:\\\/\\\/i0.wp.com\\\/theendbookeditors.com\\\/wp-content\\\/uploads\\\/2025\\\/11\\\/500Book.jpg?fit=500%2C364&amp;ssl=1\",\"datePublished\":\"2025-10-31T16:39:16+00:00\",\"dateModified\":\"2025-11-07T14:53:45+00:00\",\"breadcrumb\":{\"@id\":\"https:\\\/\\\/theendbookeditors.com\\\/prologue-2\\\/#breadcrumb\"},\"inLanguage\":\"es\",\"potentialAction\":[{\"@type\":\"ReadAction\",\"target\":[\"https:\\\/\\\/theendbookeditors.com\\\/prologue-2\\\/\"]}]},{\"@type\":\"ImageObject\",\"inLanguage\":\"es\",\"@id\":\"https:\\\/\\\/theendbookeditors.com\\\/prologue-2\\\/#primaryimage\",\"url\":\"https:\\\/\\\/i0.wp.com\\\/theendbookeditors.com\\\/wp-content\\\/uploads\\\/2025\\\/11\\\/500Book.jpg?fit=500%2C364&amp;ssl=1\",\"contentUrl\":\"https:\\\/\\\/i0.wp.com\\\/theendbookeditors.com\\\/wp-content\\\/uploads\\\/2025\\\/11\\\/500Book.jpg?fit=500%2C364&amp;ssl=1\"},{\"@type\":\"BreadcrumbList\",\"@id\":\"https:\\\/\\\/theendbookeditors.com\\\/prologue-2\\\/#breadcrumb\",\"itemListElement\":[{\"@type\":\"ListItem\",\"position\":1,\"name\":\"Home\",\"item\":\"https:\\\/\\\/theendbookeditors.com\\\/\"},{\"@type\":\"ListItem\",\"position\":2,\"name\":\"Prologue\"}]},{\"@type\":\"WebSite\",\"@id\":\"http:\\\/\\\/box2135.temp.domains\\\/~theendb1\\\/#website\",\"url\":\"http:\\\/\\\/box2135.temp.domains\\\/~theendb1\\\/\",\"name\":\"&quot;The End&quot; Book Editors\",\"description\":\"\",\"potentialAction\":[{\"@type\":\"SearchAction\",\"target\":{\"@type\":\"EntryPoint\",\"urlTemplate\":\"http:\\\/\\\/box2135.temp.domains\\\/~theendb1\\\/?s={search_term_string}\"},\"query-input\":{\"@type\":\"PropertyValueSpecification\",\"valueRequired\":true,\"valueName\":\"search_term_string\"}}],\"inLanguage\":\"es\"}]}<\/script>\n<!-- \/ Yoast SEO plugin. -->","yoast_head_json":{"title":"Prologue - &quot;The End&quot; Book Editors","robots":{"index":"index","follow":"follow","max-snippet":"max-snippet:-1","max-image-preview":"max-image-preview:large","max-video-preview":"max-video-preview:-1"},"canonical":"https:\/\/theendbookeditors.com\/es\/prologue-2\/","og_locale":"es_MX","og_type":"article","og_title":"Prologue - &quot;The End&quot; Book Editors","og_description":"Congratulations! You&#8217;ve written &#8220;The End&#8221;. Are you ready for a professional book editor to take a look at your manuscript now? This is the beginning of your editing journey and I&#8217;m excited for you! I&#8217;m here to help. I recommend starting your editing journey with a manuscript review. But if you&#8217;re not ready to submit [&hellip;]","og_url":"https:\/\/theendbookeditors.com\/es\/prologue-2\/","og_site_name":"&quot;The End&quot; Book Editors","article_modified_time":"2025-11-07T14:53:45+00:00","og_image":[{"width":500,"height":364,"url":"https:\/\/i0.wp.com\/theendbookeditors.com\/wp-content\/uploads\/2025\/11\/500Book.jpg?fit=500%2C364&ssl=1","type":"image\/jpeg"}],"twitter_card":"summary_large_image","twitter_misc":{"Tiempo de lectura":"3 minutos"},"schema":{"@context":"https:\/\/schema.org","@graph":[{"@type":"WebPage","@id":"https:\/\/theendbookeditors.com\/prologue-2\/","url":"https:\/\/theendbookeditors.com\/prologue-2\/","name":"Prologue - &quot;The End&quot; Book Editors","isPartOf":{"@id":"http:\/\/box2135.temp.domains\/~theendb1\/#website"},"primaryImageOfPage":{"@id":"https:\/\/theendbookeditors.com\/prologue-2\/#primaryimage"},"image":{"@id":"https:\/\/theendbookeditors.com\/prologue-2\/#primaryimage"},"thumbnailUrl":"https:\/\/i0.wp.com\/theendbookeditors.com\/wp-content\/uploads\/2025\/11\/500Book.jpg?fit=500%2C364&amp;ssl=1","datePublished":"2025-10-31T16:39:16+00:00","dateModified":"2025-11-07T14:53:45+00:00","breadcrumb":{"@id":"https:\/\/theendbookeditors.com\/prologue-2\/#breadcrumb"},"inLanguage":"es","potentialAction":[{"@type":"ReadAction","target":["https:\/\/theendbookeditors.com\/prologue-2\/"]}]},{"@type":"ImageObject","inLanguage":"es","@id":"https:\/\/theendbookeditors.com\/prologue-2\/#primaryimage","url":"https:\/\/i0.wp.com\/theendbookeditors.com\/wp-content\/uploads\/2025\/11\/500Book.jpg?fit=500%2C364&amp;ssl=1","contentUrl":"https:\/\/i0.wp.com\/theendbookeditors.com\/wp-content\/uploads\/2025\/11\/500Book.jpg?fit=500%2C364&amp;ssl=1"},{"@type":"BreadcrumbList","@id":"https:\/\/theendbookeditors.com\/prologue-2\/#breadcrumb","itemListElement":[{"@type":"ListItem","position":1,"name":"Home","item":"https:\/\/theendbookeditors.com\/"},{"@type":"ListItem","position":2,"name":"Prologue"}]},{"@type":"WebSite","@id":"http:\/\/box2135.temp.domains\/~theendb1\/#website","url":"http:\/\/box2135.temp.domains\/~theendb1\/","name":"&quot;The End&quot; Book Editors","description":"","potentialAction":[{"@type":"SearchAction","target":{"@type":"EntryPoint","urlTemplate":"http:\/\/box2135.temp.domains\/~theendb1\/?s={search_term_string}"},"query-input":{"@type":"PropertyValueSpecification","valueRequired":true,"valueName":"search_term_string"}}],"inLanguage":"es"}]}},"jetpack_sharing_enabled":true,"_links":{"self":[{"href":"https:\/\/theendbookeditors.com\/es\/wp-json\/wp\/v2\/pages\/1350","targetHints":{"allow":["GET"]}}],"collection":[{"href":"https:\/\/theendbookeditors.com\/es\/wp-json\/wp\/v2\/pages"}],"about":[{"href":"https:\/\/theendbookeditors.com\/es\/wp-json\/wp\/v2\/types\/page"}],"author":[{"embeddable":true,"href":"https:\/\/theendbookeditors.com\/es\/wp-json\/wp\/v2\/users\/1"}],"replies":[{"embeddable":true,"href":"https:\/\/theendbookeditors.com\/es\/wp-json\/wp\/v2\/comments?post=1350"}],"version-history":[{"count":19,"href":"https:\/\/theendbookeditors.com\/es\/wp-json\/wp\/v2\/pages\/1350\/revisions"}],"predecessor-version":[{"id":1534,"href":"https:\/\/theendbookeditors.com\/es\/wp-json\/wp\/v2\/pages\/1350\/revisions\/1534"}],"wp:attachment":[{"href":"https:\/\/theendbookeditors.com\/es\/wp-json\/wp\/v2\/media?parent=1350"}],"curies":[{"name":"wp","href":"https:\/\/api.w.org\/{rel}","templated":true}]}}