{"id":1351,"date":"2025-10-31T16:41:03","date_gmt":"2025-10-31T16:41:03","guid":{"rendered":"https:\/\/theendbookeditors.com\/?page_id=1351"},"modified":"2025-11-07T14:57:30","modified_gmt":"2025-11-07T14:57:30","slug":"act-1","status":"publish","type":"page","link":"https:\/\/theendbookeditors.com\/es\/act-1\/","title":{"rendered":"Acto 1"},"content":{"rendered":"<figure class=\"wp-block-image aligncenter size-full is-resized\"><img data-recalc-dims=\"1\" loading=\"lazy\" decoding=\"async\" width=\"500\" height=\"364\" src=\"https:\/\/i0.wp.com\/theendbookeditors.com\/wp-content\/uploads\/2025\/11\/500Act1.jpg?resize=500%2C364&#038;ssl=1\" alt=\"\" class=\"wp-image-1382\" style=\"width:500px;height:auto\" srcset=\"https:\/\/i0.wp.com\/theendbookeditors.com\/wp-content\/uploads\/2025\/11\/500Act1.jpg?w=500&amp;ssl=1 500w, https:\/\/i0.wp.com\/theendbookeditors.com\/wp-content\/uploads\/2025\/11\/500Act1.jpg?resize=300%2C218&amp;ssl=1 300w, https:\/\/i0.wp.com\/theendbookeditors.com\/wp-content\/uploads\/2025\/11\/500Act1.jpg?resize=16%2C12&amp;ssl=1 16w\" sizes=\"auto, (max-width: 500px) 100vw, 500px\" \/><\/figure>\n\n\n\n<p class=\"\">Si te interesan mis servicios de edici\u00f3n de textos pero no sabes por d\u00f3nde empezar, te recomiendo que lo hagas con una&nbsp;<em>revisi\u00f3n del manuscrito<\/em>.<\/p>\n\n\n\n<p class=\"\"><\/p>\n\n\n\n<h2 class=\"wp-block-heading has-large-font-size\">\u00bfQu\u00e9 es una revisi\u00f3n del manuscrito?<\/h2>\n\n\n\n<p class=\"\">Una revisi\u00f3n de manuscrito es una evaluaci\u00f3n general de tu manuscrito que se enfoca en subrayar aspectos de tu historia que todav\u00eda necesitan trabajo. Esto me ayuda a determinar qu\u00e9 tipo de edici\u00f3n necesita tu libro.&nbsp;<\/p>\n\n\n\n<h2 class=\"wp-block-heading has-large-font-size\">\u00bfQu\u00e9 incluye este servicio?<\/h2>\n\n\n\n<ul class=\"wp-block-list\">\n<li class=\"\">Una llamada inicial de consulta donde nos reunimos para hablar sobre su libro y su visi\u00f3n para \u00e9l.<\/li>\n\n\n\n<li class=\"\">Una lectura completa y detallada de su manuscrito.<\/li>\n\n\n\n<li class=\"\">Una carta editorial escrita donde eval\u00fao el manuscrito y ofrezco observaciones y sugerencias que puedan ayudarle a mejorar la historia. Al final de la carta, le sugiero el tipo de edici\u00f3n que recomiendo para su manuscrito. Descargue un ejemplo de una revisi\u00f3n del manuscrito <a href=\"https:\/\/theendbookeditors.com\/wp-content\/uploads\/2025\/05\/Manuscript-Review-Feedback-Letter-Tim-Olson-Melina-Rodriguez.pdf\" target=\"_blank\" rel=\"noreferrer noopener\">aqu\u00ed<\/a>.<\/li>\n\n\n\n<li class=\"\">Una segunda llamada por Google Meets donde puedo contestar sus dudas sobre la carta editorial y donde podamos platicar sobre los pasos a seguir en este proceso.<\/li>\n<\/ul>\n\n\n\n<p class=\"\"><\/p>\n\n\n\n<p class=\"has-regular-font-size\">Extra: Esquema de la trama de su manuscrito<\/p>\n\n\n\n<p class=\"\">Este es un resumen de las escenas clave en su novela. Tambi\u00e9n se describen las escenas que se utilizan para conectar esas escenas clave entre s\u00ed. <\/p>\n\n\n\n<p class=\"\"><\/p>\n\n\n\n<h2 class=\"wp-block-heading has-large-font-size\">\u00bfEn qu\u00e9 consiste el proceso?<\/h2>\n\n\n\n<p class=\"\">El proceso para agregarte a mi lista de espera para una revisi\u00f3n del manuscrito es:<\/p>\n\n\n\n<ul class=\"wp-block-list\">\n<li class=\"\">Contestar un cuestionario sobre tu libro. Esto me ayudar\u00e1 a evaluar si yo soy la editora adecuada para ti. Llena el cuestionario <a href=\"https:\/\/docs.google.com\/forms\/d\/e\/1FAIpQLSfElfwPi6d0QrxN0Wba_6z5k6K-hQJp-XeDlJ5MWZViKquXlw\/viewform?usp=header\">aqu\u00ed<\/a>. <\/li>\n\n\n\n<li class=\"\">Programa una consulta inicial en Google Meets. El objetivo de la llamada es conocerte mejor y hablar sobre tu libro y tu visi\u00f3n sobre el mismo.<\/li>\n<\/ul>\n\n\n\n<p class=\"has-large-font-size\"><strong>\u00bfEn cu\u00e1ntas revisiones del manuscrito trabajo al mes?<\/strong><\/p>\n\n\n\n<p class=\"\">Dos. Solamente trabajo en dos revisiones de manuscrito al mes. Solamente acepto proyectos nuevos la primera semana de cada mes.<\/p>\n\n\n\n<p class=\"\">Si te interesa, por favor pide tu consulta inicial lo m\u00e1s pronto posible.  <\/p>\n\n\n\n<h2 class=\"wp-block-heading has-large-font-size\">\u00bfCu\u00e1nto cuesta este servicio?<\/h2>\n\n\n\n<p class=\"\">Este servicio cuesta $500 USD, con un pago inicial de $125 USD. Este pago se realizar\u00e1 cuando programe su llamada por Google Meets. El equivalente en MXN ser\u00e1 calculado seg\u00fan el valor de las divisas el d\u00eda en que se realice el presupuesto.<\/p>\n\n\n\n<p class=\"\">Si usted ya pag\u00f3 por una revisi\u00f3n de muestra, ese pago ser\u00e1 acreditado al costo de la revisi\u00f3n del manuscrito completo. <\/p>\n\n\n\n<p class=\"\"><\/p>\n\n\n\n<div class=\"wp-block-buttons is-content-justification-center is-layout-flex wp-container-core-buttons-is-layout-a89b3969 wp-block-buttons-is-layout-flex\">\n<div class=\"wp-block-button\"><a class=\"wp-block-button__link wp-element-button\" href=\"https:\/\/calendar.app.google\/VjZ8dbMUsSkq4Y3i8\" target=\"_blank\" rel=\"noreferrer noopener\"><strong>Programe su llamada para una revisi\u00f3n del manuscrito<\/strong><\/a><\/div>\n<\/div>\n\n\n\n<p class=\"\"><\/p>","protected":false},"excerpt":{"rendered":"<p>If you\u2019re interested in book editing services and don\u2019t know where to start, I recommend you begin with a&nbsp;manuscript review. What is a Manuscript Review? A manuscript review is an overall assessment of your manuscript that focuses primarily on highlighting aspects of the story that still need improvement.&nbsp;This helps me determine what type of editing [&hellip;]<\/p>\n","protected":false},"author":1,"featured_media":0,"parent":0,"menu_order":0,"comment_status":"closed","ping_status":"closed","template":"","meta":{"nf_dc_page":"","om_disable_all_campaigns":false,"_monsterinsights_skip_tracking":false,"_monsterinsights_sitenote_active":false,"_monsterinsights_sitenote_note":"","_monsterinsights_sitenote_category":0,"footnotes":""},"class_list":["post-1351","page","type-page","status-publish","hentry"],"yoast_head":"<!-- This site is optimized with the Yoast SEO plugin v27.5 - https:\/\/yoast.com\/product\/yoast-seo-wordpress\/ -->\n<title>Act 1 - &quot;The End&quot; Book Editors<\/title>\n<meta name=\"robots\" content=\"index, follow, max-snippet:-1, max-image-preview:large, max-video-preview:-1\" \/>\n<link rel=\"canonical\" href=\"https:\/\/theendbookeditors.com\/es\/act-1\/\" \/>\n<meta property=\"og:locale\" content=\"es_MX\" \/>\n<meta property=\"og:type\" content=\"article\" \/>\n<meta property=\"og:title\" content=\"Act 1 - &quot;The End&quot; Book Editors\" \/>\n<meta property=\"og:description\" content=\"If you\u2019re interested in book editing services and don\u2019t know where to start, I recommend you begin with a&nbsp;manuscript review. What is a Manuscript Review? A manuscript review is an overall assessment of your manuscript that focuses primarily on highlighting aspects of the story that still need improvement.&nbsp;This helps me determine what type of editing [&hellip;]\" \/>\n<meta property=\"og:url\" content=\"https:\/\/theendbookeditors.com\/es\/act-1\/\" \/>\n<meta property=\"og:site_name\" content=\"&quot;The End&quot; Book Editors\" \/>\n<meta property=\"article:modified_time\" content=\"2025-11-07T14:57:30+00:00\" \/>\n<meta property=\"og:image\" content=\"https:\/\/theendbookeditors.com\/wp-content\/uploads\/2025\/11\/500Act1.jpg\" \/>\n<meta name=\"twitter:card\" content=\"summary_large_image\" \/>\n<meta name=\"twitter:label1\" content=\"Tiempo de lectura\" \/>\n\t<meta name=\"twitter:data1\" content=\"2 minutos\" \/>\n<script type=\"application\/ld+json\" class=\"yoast-schema-graph\">{\"@context\":\"https:\\\/\\\/schema.org\",\"@graph\":[{\"@type\":\"WebPage\",\"@id\":\"https:\\\/\\\/theendbookeditors.com\\\/act-1\\\/\",\"url\":\"https:\\\/\\\/theendbookeditors.com\\\/act-1\\\/\",\"name\":\"Act 1 - &quot;The End&quot; Book Editors\",\"isPartOf\":{\"@id\":\"http:\\\/\\\/box2135.temp.domains\\\/~theendb1\\\/#website\"},\"primaryImageOfPage\":{\"@id\":\"https:\\\/\\\/theendbookeditors.com\\\/act-1\\\/#primaryimage\"},\"image\":{\"@id\":\"https:\\\/\\\/theendbookeditors.com\\\/act-1\\\/#primaryimage\"},\"thumbnailUrl\":\"https:\\\/\\\/theendbookeditors.com\\\/wp-content\\\/uploads\\\/2025\\\/11\\\/500Act1.jpg\",\"datePublished\":\"2025-10-31T16:41:03+00:00\",\"dateModified\":\"2025-11-07T14:57:30+00:00\",\"breadcrumb\":{\"@id\":\"https:\\\/\\\/theendbookeditors.com\\\/act-1\\\/#breadcrumb\"},\"inLanguage\":\"es\",\"potentialAction\":[{\"@type\":\"ReadAction\",\"target\":[\"https:\\\/\\\/theendbookeditors.com\\\/act-1\\\/\"]}]},{\"@type\":\"ImageObject\",\"inLanguage\":\"es\",\"@id\":\"https:\\\/\\\/theendbookeditors.com\\\/act-1\\\/#primaryimage\",\"url\":\"https:\\\/\\\/theendbookeditors.com\\\/wp-content\\\/uploads\\\/2025\\\/11\\\/500Act1.jpg\",\"contentUrl\":\"https:\\\/\\\/theendbookeditors.com\\\/wp-content\\\/uploads\\\/2025\\\/11\\\/500Act1.jpg\"},{\"@type\":\"BreadcrumbList\",\"@id\":\"https:\\\/\\\/theendbookeditors.com\\\/act-1\\\/#breadcrumb\",\"itemListElement\":[{\"@type\":\"ListItem\",\"position\":1,\"name\":\"Home\",\"item\":\"https:\\\/\\\/theendbookeditors.com\\\/\"},{\"@type\":\"ListItem\",\"position\":2,\"name\":\"Act 1\"}]},{\"@type\":\"WebSite\",\"@id\":\"http:\\\/\\\/box2135.temp.domains\\\/~theendb1\\\/#website\",\"url\":\"http:\\\/\\\/box2135.temp.domains\\\/~theendb1\\\/\",\"name\":\"&quot;The End&quot; Book Editors\",\"description\":\"\",\"potentialAction\":[{\"@type\":\"SearchAction\",\"target\":{\"@type\":\"EntryPoint\",\"urlTemplate\":\"http:\\\/\\\/box2135.temp.domains\\\/~theendb1\\\/?s={search_term_string}\"},\"query-input\":{\"@type\":\"PropertyValueSpecification\",\"valueRequired\":true,\"valueName\":\"search_term_string\"}}],\"inLanguage\":\"es\"}]}<\/script>\n<!-- \/ Yoast SEO plugin. -->","yoast_head_json":{"title":"Act 1 - &quot;The End&quot; Book Editors","robots":{"index":"index","follow":"follow","max-snippet":"max-snippet:-1","max-image-preview":"max-image-preview:large","max-video-preview":"max-video-preview:-1"},"canonical":"https:\/\/theendbookeditors.com\/es\/act-1\/","og_locale":"es_MX","og_type":"article","og_title":"Act 1 - &quot;The End&quot; Book Editors","og_description":"If you\u2019re interested in book editing services and don\u2019t know where to start, I recommend you begin with a&nbsp;manuscript review. What is a Manuscript Review? A manuscript review is an overall assessment of your manuscript that focuses primarily on highlighting aspects of the story that still need improvement.&nbsp;This helps me determine what type of editing [&hellip;]","og_url":"https:\/\/theendbookeditors.com\/es\/act-1\/","og_site_name":"&quot;The End&quot; Book Editors","article_modified_time":"2025-11-07T14:57:30+00:00","og_image":[{"url":"https:\/\/theendbookeditors.com\/wp-content\/uploads\/2025\/11\/500Act1.jpg","type":"","width":"","height":""}],"twitter_card":"summary_large_image","twitter_misc":{"Tiempo de lectura":"2 minutos"},"schema":{"@context":"https:\/\/schema.org","@graph":[{"@type":"WebPage","@id":"https:\/\/theendbookeditors.com\/act-1\/","url":"https:\/\/theendbookeditors.com\/act-1\/","name":"Act 1 - &quot;The End&quot; Book Editors","isPartOf":{"@id":"http:\/\/box2135.temp.domains\/~theendb1\/#website"},"primaryImageOfPage":{"@id":"https:\/\/theendbookeditors.com\/act-1\/#primaryimage"},"image":{"@id":"https:\/\/theendbookeditors.com\/act-1\/#primaryimage"},"thumbnailUrl":"https:\/\/theendbookeditors.com\/wp-content\/uploads\/2025\/11\/500Act1.jpg","datePublished":"2025-10-31T16:41:03+00:00","dateModified":"2025-11-07T14:57:30+00:00","breadcrumb":{"@id":"https:\/\/theendbookeditors.com\/act-1\/#breadcrumb"},"inLanguage":"es","potentialAction":[{"@type":"ReadAction","target":["https:\/\/theendbookeditors.com\/act-1\/"]}]},{"@type":"ImageObject","inLanguage":"es","@id":"https:\/\/theendbookeditors.com\/act-1\/#primaryimage","url":"https:\/\/theendbookeditors.com\/wp-content\/uploads\/2025\/11\/500Act1.jpg","contentUrl":"https:\/\/theendbookeditors.com\/wp-content\/uploads\/2025\/11\/500Act1.jpg"},{"@type":"BreadcrumbList","@id":"https:\/\/theendbookeditors.com\/act-1\/#breadcrumb","itemListElement":[{"@type":"ListItem","position":1,"name":"Home","item":"https:\/\/theendbookeditors.com\/"},{"@type":"ListItem","position":2,"name":"Act 1"}]},{"@type":"WebSite","@id":"http:\/\/box2135.temp.domains\/~theendb1\/#website","url":"http:\/\/box2135.temp.domains\/~theendb1\/","name":"&quot;The End&quot; Book Editors","description":"","potentialAction":[{"@type":"SearchAction","target":{"@type":"EntryPoint","urlTemplate":"http:\/\/box2135.temp.domains\/~theendb1\/?s={search_term_string}"},"query-input":{"@type":"PropertyValueSpecification","valueRequired":true,"valueName":"search_term_string"}}],"inLanguage":"es"}]}},"jetpack_sharing_enabled":true,"_links":{"self":[{"href":"https:\/\/theendbookeditors.com\/es\/wp-json\/wp\/v2\/pages\/1351","targetHints":{"allow":["GET"]}}],"collection":[{"href":"https:\/\/theendbookeditors.com\/es\/wp-json\/wp\/v2\/pages"}],"about":[{"href":"https:\/\/theendbookeditors.com\/es\/wp-json\/wp\/v2\/types\/page"}],"author":[{"embeddable":true,"href":"https:\/\/theendbookeditors.com\/es\/wp-json\/wp\/v2\/users\/1"}],"replies":[{"embeddable":true,"href":"https:\/\/theendbookeditors.com\/es\/wp-json\/wp\/v2\/comments?post=1351"}],"version-history":[{"count":13,"href":"https:\/\/theendbookeditors.com\/es\/wp-json\/wp\/v2\/pages\/1351\/revisions"}],"predecessor-version":[{"id":1536,"href":"https:\/\/theendbookeditors.com\/es\/wp-json\/wp\/v2\/pages\/1351\/revisions\/1536"}],"wp:attachment":[{"href":"https:\/\/theendbookeditors.com\/es\/wp-json\/wp\/v2\/media?parent=1351"}],"curies":[{"name":"wp","href":"https:\/\/api.w.org\/{rel}","templated":true}]}}