{"id":1356,"date":"2025-10-31T16:53:48","date_gmt":"2025-10-31T16:53:48","guid":{"rendered":"https:\/\/theendbookeditors.com\/?page_id=1356"},"modified":"2026-01-27T14:31:57","modified_gmt":"2026-01-27T14:31:57","slug":"act-2-2","status":"publish","type":"page","link":"https:\/\/theendbookeditors.com\/es\/act-2-2\/","title":{"rendered":"Acto 2"},"content":{"rendered":"<figure class=\"wp-block-image aligncenter size-full\"><img data-recalc-dims=\"1\" loading=\"lazy\" decoding=\"async\" width=\"500\" height=\"447\" src=\"https:\/\/i0.wp.com\/theendbookeditors.com\/wp-content\/uploads\/2025\/02\/500Nonfiction.jpg?resize=500%2C447&#038;ssl=1\" alt=\"\" class=\"wp-image-1333\" srcset=\"https:\/\/i0.wp.com\/theendbookeditors.com\/wp-content\/uploads\/2025\/02\/500Nonfiction.jpg?w=500&amp;ssl=1 500w, https:\/\/i0.wp.com\/theendbookeditors.com\/wp-content\/uploads\/2025\/02\/500Nonfiction.jpg?resize=300%2C268&amp;ssl=1 300w, https:\/\/i0.wp.com\/theendbookeditors.com\/wp-content\/uploads\/2025\/02\/500Nonfiction.jpg?resize=13%2C12&amp;ssl=1 13w\" sizes=\"auto, (max-width: 500px) 100vw, 500px\" \/><\/figure>\n\n\n\n<p class=\"has-large-font-size\"><strong>\u00bfQu\u00e9 es una edici\u00f3n de contenido?<\/strong><\/p>\n\n\n\n<p class=\"\">Una edici\u00f3n de contenido se enfoca en los elementos generales de una historia y te ayuda a mejorar la trama, el desarrollo de los personajes, el conflicto y la tensi\u00f3n, el di\u00e1logo entre esos personajes, y otros aspectos de la narraci\u00f3n.<\/p>\n\n\n\n<p class=\"has-large-font-size\"><strong>\u00bfQu\u00e9 incluye este servicio?<\/strong><\/p>\n\n\n\n<ul class=\"wp-block-list\">\n<li class=\"\">Una llamada inicial de consulta por Google Meets donde nos reunimos para hablar sobre su libro y su visi\u00f3n para \u00e9l.<\/li>\n\n\n\n<li class=\"\">Una lectura completa y detallada de su manuscrito.<\/li>\n\n\n\n<li class=\"\">Comentarios al margen a lo largo de todo el documento.<\/li>\n\n\n\n<li class=\"\">Una carta editorial escrita donde le sugiero modificaciones al contenido y la estructura de su manuscrito. En este documento, le explico por qu\u00e9 estos problemas son un problema y le ofrezco algunas soluciones para arreglarlos. Aqu\u00ed, le ayudo a abordar problemas relacionados con la estructura de la trama, la tensi\u00f3n (o la ausencia de ella), el conflicto y el di\u00e1logo, el desarrollo de los personajes, el ritmo y la narrativa.<\/li>\n\n\n\n<li class=\"\">Una segunda llamada por Google Meets donde pueda contestar sus dudas sobre la carta editorial.<\/li>\n<\/ul>\n\n\n\n<p class=\"has-regular-font-size\">Extra 1: Esquema de la trama de su manuscrito<\/p>\n\n\n\n<p class=\"\">Este es un resumen de las escenas clave en su novela. Tambi\u00e9n se describen las escenas que se utilizan para conectar esas escenas clave entre s\u00ed.<\/p>\n\n\n\n<p class=\"has-regular-font-size\">Extra 2: Una revisi\u00f3n comprensiva de las escenas de su manuscrito.<\/p>\n\n\n\n<p class=\"\">Este documento describe el objetivo de cada una de sus escenas y los cinco puntos clave que debe tener cada escena: el incidente incitador, el momento crucial de la escena, la crisis, el cl\u00edmax y la resoluci\u00f3n. <\/p>\n\n\n\n<p class=\"has-large-font-size\"><strong>\u00bfEn cu\u00e1ntas ediciones de contenido trabajo al mes?<\/strong><\/p>\n\n\n\n<p class=\"\">Una. Solamente trabajo en una edici\u00f3n de contenido al mes. Recibo proyectos nuevos al inicio de cada trimestre.<\/p>\n\n\n\n<p class=\"\">Si te interesa, programa tu llamada de consulta ahora.<\/p>\n\n\n\n<p class=\"has-large-font-size\"><strong>\u00bfEn qu\u00e9 consiste el proceso?<\/strong><\/p>\n\n\n\n<ul class=\"wp-block-list\">\n<li class=\"\">Por favor conteste un cuestionario donde le hago preguntas sobre su libro. Esto me ayudar\u00e1 a conocerlo mejor y a comprender su visi\u00f3n del mismo. Completa la encuesta&nbsp;<a href=\"https:\/\/docs.google.com\/forms\/d\/e\/1FAIpQLSdl2SLDtdVVGX1LOXD6_uz-DJ9A7v9DpKloDWnx10FoRL0j7g\/viewform?usp=publish-editor\" target=\"_blank\" rel=\"noreferrer noopener\">aqu\u00ed<\/a>.<\/li>\n\n\n\n<li class=\"\">Programe su llamada inicial ahora y me pondr\u00e9 en contacto con usted directamente para acordar los plazos de entrega.<\/li>\n<\/ul>\n\n\n\n<p class=\"has-large-font-size\"><strong>\u00bfCu\u00e1nto cuesta este servicio?<\/strong><\/p>\n\n\n\n<p class=\"\">This service costs $5000, with an upfront payment of $250. This advanced payment will be paid for when scheduling your initial consultation online.<\/p>\n\n\n\n<p class=\"\">Si usted ya pag\u00f3 por una revisi\u00f3n de manuscrito, este pago ser\u00e1 acreditado al costo de la edici\u00f3n de contenido.<\/p>\n\n\n\n<div class=\"wp-block-buttons is-content-justification-center is-layout-flex wp-container-core-buttons-is-layout-a89b3969 wp-block-buttons-is-layout-flex\">\n<div class=\"wp-block-button\"><a class=\"wp-block-button__link wp-element-button\" href=\"https:\/\/calendar.app.google\/cKGDbx1azr8FQ1378\" target=\"_blank\" rel=\"noreferrer noopener\"><strong>Programe su consulta inicial para una edici\u00f3n de contenido<\/strong><\/a><\/div>\n<\/div>","protected":false},"excerpt":{"rendered":"<p>What is a Development Edit? A developmental edit focuses on the \u201cbig picture\u201d elements of a story and helps you improve plot, character development, conflict, dialogue, tension, and other aspects of storytelling. What does this service include? Bonus 1: Plot Roadmap of your manuscript This is an outline and summary of the key scenes in [&hellip;]<\/p>\n","protected":false},"author":1,"featured_media":0,"parent":0,"menu_order":0,"comment_status":"closed","ping_status":"closed","template":"","meta":{"nf_dc_page":"","om_disable_all_campaigns":false,"_monsterinsights_skip_tracking":false,"_monsterinsights_sitenote_active":false,"_monsterinsights_sitenote_note":"","_monsterinsights_sitenote_category":0,"footnotes":""},"class_list":["post-1356","page","type-page","status-publish","hentry"],"yoast_head":"<!-- This site is optimized with the Yoast SEO plugin v27.4 - https:\/\/yoast.com\/product\/yoast-seo-wordpress\/ -->\n<title>Act 2 - &quot;The End&quot; Book Editors<\/title>\n<meta name=\"robots\" content=\"index, follow, max-snippet:-1, max-image-preview:large, max-video-preview:-1\" \/>\n<link rel=\"canonical\" href=\"https:\/\/theendbookeditors.com\/es\/act-2-2\/\" \/>\n<meta property=\"og:locale\" content=\"es_MX\" \/>\n<meta property=\"og:type\" content=\"article\" \/>\n<meta property=\"og:title\" content=\"Act 2 - &quot;The End&quot; Book Editors\" \/>\n<meta property=\"og:description\" content=\"What is a Development Edit? A developmental edit focuses on the \u201cbig picture\u201d elements of a story and helps you improve plot, character development, conflict, dialogue, tension, and other aspects of storytelling. What does this service include? Bonus 1: Plot Roadmap of your manuscript This is an outline and summary of the key scenes in [&hellip;]\" \/>\n<meta property=\"og:url\" content=\"https:\/\/theendbookeditors.com\/es\/act-2-2\/\" \/>\n<meta property=\"og:site_name\" content=\"&quot;The End&quot; Book Editors\" \/>\n<meta property=\"article:modified_time\" content=\"2026-01-27T14:31:57+00:00\" \/>\n<meta property=\"og:image\" content=\"https:\/\/theendbookeditors.com\/wp-content\/uploads\/2025\/02\/500Nonfiction.jpg\" \/>\n<meta name=\"twitter:card\" content=\"summary_large_image\" \/>\n<meta name=\"twitter:label1\" content=\"Tiempo de lectura\" \/>\n\t<meta name=\"twitter:data1\" content=\"2 minutos\" \/>\n<script type=\"application\/ld+json\" class=\"yoast-schema-graph\">{\"@context\":\"https:\\\/\\\/schema.org\",\"@graph\":[{\"@type\":\"WebPage\",\"@id\":\"https:\\\/\\\/theendbookeditors.com\\\/act-2-2\\\/\",\"url\":\"https:\\\/\\\/theendbookeditors.com\\\/act-2-2\\\/\",\"name\":\"Act 2 - &quot;The End&quot; Book Editors\",\"isPartOf\":{\"@id\":\"http:\\\/\\\/box2135.temp.domains\\\/~theendb1\\\/#website\"},\"primaryImageOfPage\":{\"@id\":\"https:\\\/\\\/theendbookeditors.com\\\/act-2-2\\\/#primaryimage\"},\"image\":{\"@id\":\"https:\\\/\\\/theendbookeditors.com\\\/act-2-2\\\/#primaryimage\"},\"thumbnailUrl\":\"https:\\\/\\\/theendbookeditors.com\\\/wp-content\\\/uploads\\\/2025\\\/02\\\/500Nonfiction.jpg\",\"datePublished\":\"2025-10-31T16:53:48+00:00\",\"dateModified\":\"2026-01-27T14:31:57+00:00\",\"breadcrumb\":{\"@id\":\"https:\\\/\\\/theendbookeditors.com\\\/act-2-2\\\/#breadcrumb\"},\"inLanguage\":\"es\",\"potentialAction\":[{\"@type\":\"ReadAction\",\"target\":[\"https:\\\/\\\/theendbookeditors.com\\\/act-2-2\\\/\"]}]},{\"@type\":\"ImageObject\",\"inLanguage\":\"es\",\"@id\":\"https:\\\/\\\/theendbookeditors.com\\\/act-2-2\\\/#primaryimage\",\"url\":\"https:\\\/\\\/theendbookeditors.com\\\/wp-content\\\/uploads\\\/2025\\\/02\\\/500Nonfiction.jpg\",\"contentUrl\":\"https:\\\/\\\/theendbookeditors.com\\\/wp-content\\\/uploads\\\/2025\\\/02\\\/500Nonfiction.jpg\"},{\"@type\":\"BreadcrumbList\",\"@id\":\"https:\\\/\\\/theendbookeditors.com\\\/act-2-2\\\/#breadcrumb\",\"itemListElement\":[{\"@type\":\"ListItem\",\"position\":1,\"name\":\"Home\",\"item\":\"https:\\\/\\\/theendbookeditors.com\\\/\"},{\"@type\":\"ListItem\",\"position\":2,\"name\":\"Act 2\"}]},{\"@type\":\"WebSite\",\"@id\":\"http:\\\/\\\/box2135.temp.domains\\\/~theendb1\\\/#website\",\"url\":\"http:\\\/\\\/box2135.temp.domains\\\/~theendb1\\\/\",\"name\":\"&quot;The End&quot; Book Editors\",\"description\":\"\",\"potentialAction\":[{\"@type\":\"SearchAction\",\"target\":{\"@type\":\"EntryPoint\",\"urlTemplate\":\"http:\\\/\\\/box2135.temp.domains\\\/~theendb1\\\/?s={search_term_string}\"},\"query-input\":{\"@type\":\"PropertyValueSpecification\",\"valueRequired\":true,\"valueName\":\"search_term_string\"}}],\"inLanguage\":\"es\"}]}<\/script>\n<!-- \/ Yoast SEO plugin. -->","yoast_head_json":{"title":"Act 2 - &quot;The End&quot; Book Editors","robots":{"index":"index","follow":"follow","max-snippet":"max-snippet:-1","max-image-preview":"max-image-preview:large","max-video-preview":"max-video-preview:-1"},"canonical":"https:\/\/theendbookeditors.com\/es\/act-2-2\/","og_locale":"es_MX","og_type":"article","og_title":"Act 2 - &quot;The End&quot; Book Editors","og_description":"What is a Development Edit? A developmental edit focuses on the \u201cbig picture\u201d elements of a story and helps you improve plot, character development, conflict, dialogue, tension, and other aspects of storytelling. What does this service include? Bonus 1: Plot Roadmap of your manuscript This is an outline and summary of the key scenes in [&hellip;]","og_url":"https:\/\/theendbookeditors.com\/es\/act-2-2\/","og_site_name":"&quot;The End&quot; Book Editors","article_modified_time":"2026-01-27T14:31:57+00:00","og_image":[{"url":"https:\/\/theendbookeditors.com\/wp-content\/uploads\/2025\/02\/500Nonfiction.jpg","type":"","width":"","height":""}],"twitter_card":"summary_large_image","twitter_misc":{"Tiempo de lectura":"2 minutos"},"schema":{"@context":"https:\/\/schema.org","@graph":[{"@type":"WebPage","@id":"https:\/\/theendbookeditors.com\/act-2-2\/","url":"https:\/\/theendbookeditors.com\/act-2-2\/","name":"Act 2 - &quot;The End&quot; Book Editors","isPartOf":{"@id":"http:\/\/box2135.temp.domains\/~theendb1\/#website"},"primaryImageOfPage":{"@id":"https:\/\/theendbookeditors.com\/act-2-2\/#primaryimage"},"image":{"@id":"https:\/\/theendbookeditors.com\/act-2-2\/#primaryimage"},"thumbnailUrl":"https:\/\/theendbookeditors.com\/wp-content\/uploads\/2025\/02\/500Nonfiction.jpg","datePublished":"2025-10-31T16:53:48+00:00","dateModified":"2026-01-27T14:31:57+00:00","breadcrumb":{"@id":"https:\/\/theendbookeditors.com\/act-2-2\/#breadcrumb"},"inLanguage":"es","potentialAction":[{"@type":"ReadAction","target":["https:\/\/theendbookeditors.com\/act-2-2\/"]}]},{"@type":"ImageObject","inLanguage":"es","@id":"https:\/\/theendbookeditors.com\/act-2-2\/#primaryimage","url":"https:\/\/theendbookeditors.com\/wp-content\/uploads\/2025\/02\/500Nonfiction.jpg","contentUrl":"https:\/\/theendbookeditors.com\/wp-content\/uploads\/2025\/02\/500Nonfiction.jpg"},{"@type":"BreadcrumbList","@id":"https:\/\/theendbookeditors.com\/act-2-2\/#breadcrumb","itemListElement":[{"@type":"ListItem","position":1,"name":"Home","item":"https:\/\/theendbookeditors.com\/"},{"@type":"ListItem","position":2,"name":"Act 2"}]},{"@type":"WebSite","@id":"http:\/\/box2135.temp.domains\/~theendb1\/#website","url":"http:\/\/box2135.temp.domains\/~theendb1\/","name":"&quot;The End&quot; Book Editors","description":"","potentialAction":[{"@type":"SearchAction","target":{"@type":"EntryPoint","urlTemplate":"http:\/\/box2135.temp.domains\/~theendb1\/?s={search_term_string}"},"query-input":{"@type":"PropertyValueSpecification","valueRequired":true,"valueName":"search_term_string"}}],"inLanguage":"es"}]}},"jetpack_sharing_enabled":true,"_links":{"self":[{"href":"https:\/\/theendbookeditors.com\/es\/wp-json\/wp\/v2\/pages\/1356","targetHints":{"allow":["GET"]}}],"collection":[{"href":"https:\/\/theendbookeditors.com\/es\/wp-json\/wp\/v2\/pages"}],"about":[{"href":"https:\/\/theendbookeditors.com\/es\/wp-json\/wp\/v2\/types\/page"}],"author":[{"embeddable":true,"href":"https:\/\/theendbookeditors.com\/es\/wp-json\/wp\/v2\/users\/1"}],"replies":[{"embeddable":true,"href":"https:\/\/theendbookeditors.com\/es\/wp-json\/wp\/v2\/comments?post=1356"}],"version-history":[{"count":9,"href":"https:\/\/theendbookeditors.com\/es\/wp-json\/wp\/v2\/pages\/1356\/revisions"}],"predecessor-version":[{"id":1583,"href":"https:\/\/theendbookeditors.com\/es\/wp-json\/wp\/v2\/pages\/1356\/revisions\/1583"}],"wp:attachment":[{"href":"https:\/\/theendbookeditors.com\/es\/wp-json\/wp\/v2\/media?parent=1356"}],"curies":[{"name":"wp","href":"https:\/\/api.w.org\/{rel}","templated":true}]}}