{"id":1357,"date":"2025-10-31T16:54:05","date_gmt":"2025-10-31T16:54:05","guid":{"rendered":"https:\/\/theendbookeditors.com\/?page_id=1357"},"modified":"2026-01-26T15:24:55","modified_gmt":"2026-01-26T15:24:55","slug":"act-3","status":"publish","type":"page","link":"https:\/\/theendbookeditors.com\/es\/act-3\/","title":{"rendered":"Acto 3"},"content":{"rendered":"<figure class=\"wp-block-image aligncenter size-full\"><img loading=\"lazy\" decoding=\"async\" width=\"580\" height=\"265\" src=\"https:\/\/i0.wp.com\/theendbookeditors.com\/wp-content\/uploads\/2025\/11\/Pencil580.jpg?fit=580%2C265&amp;ssl=1\" alt=\"\" class=\"wp-image-1448\" srcset=\"https:\/\/i0.wp.com\/theendbookeditors.com\/wp-content\/uploads\/2025\/11\/Pencil580.jpg?w=580&amp;ssl=1 580w, https:\/\/i0.wp.com\/theendbookeditors.com\/wp-content\/uploads\/2025\/11\/Pencil580.jpg?resize=300%2C137&amp;ssl=1 300w, https:\/\/i0.wp.com\/theendbookeditors.com\/wp-content\/uploads\/2025\/11\/Pencil580.jpg?resize=18%2C8&amp;ssl=1 18w\" sizes=\"auto, (max-width: 580px) 100vw, 580px\" \/><\/figure>\n\n\n\n<p class=\"has-large-font-size\"><strong>\u00bfQu\u00e9 es una correcci\u00f3n de estilo y ortotipogr\u00e1fica?<\/strong><\/p>\n\n\n\n<p class=\"\">La correcci\u00f3n por l\u00ednea consiste en revisar el contenido creativo, el estilo de escritura y el uso del lenguaje a nivel de oraci\u00f3n y p\u00e1rrafo. Su objetivo es mejorar la comunicaci\u00f3n de la historia con los lectores. La correcci\u00f3n de estilo se centra en la revisi\u00f3n de la gram\u00e1tica y la puntuaci\u00f3n. El estilo y la coherencia tambi\u00e9n son importantes. Adem\u00e1s, en la correcci\u00f3n de estilo se detectan posibles infracciones de derechos de autor y se realiza una verificaci\u00f3n b\u00e1sica de los datos.<\/p>\n\n\n\n<p class=\"\">Una correcci\u00f3n por l\u00ednea solo debe hacerse cuando est\u00e1 completamente satisfecho con su historia y no planea hacer m\u00e1s cambios de contenido. La correcci\u00f3n y edici\u00f3n de textos se centra en ayudarle a expresar sus ideas con claridad. Este tipo de edici\u00f3n tambi\u00e9n se conoce como edici\u00f3n estil\u00edsitica y revisa el contenido, el estilo, el tono y la coherencia del texto a lo largo de todo el manuscrito, l\u00ednea por l\u00ednea. Una correcci\u00f3n por l\u00ednea a menudo se confunde con <em>una correcci\u00f3n ortotipogr\u00e1fica.<\/em>Ambos son importantes para el proceso de edici\u00f3n. La correcci\u00f3n y edici\u00f3n de textos se centra en el contenido y los problemas que afectan la fluidez de las oraciones, como la redundancia, palabras, oraciones o p\u00e1rrafos completos innecesarios, oraciones (y p\u00e1rrafos) malinterpretados, el uso de verbos d\u00e9biles o clich\u00e9s, la verificaci\u00f3n de datos, etc. La correcci\u00f3n ortotipogr\u00e1fica, por otro lado, se centra en la mec\u00e1nica de la escritura; en la correcci\u00f3n de errores gramaticales y de puntuaci\u00f3n.<\/p>\n\n\n\n<p class=\"has-large-font-size\"><strong>\u00bfQu\u00e9 incluye este servicio?<\/strong><\/p>\n\n\n\n<ul class=\"wp-block-list\">\n<li class=\"\">Una lectura completa y detallada de su manuscrito.<\/li>\n\n\n\n<li class=\"\">Una revisi\u00f3n exhaustiva de su manuscrito, analizando cada palabra, frase, oraci\u00f3n y p\u00e1rrafo de su libro. Estas revisiones se marcar\u00e1n como comentarios en los m\u00e1rgenes de su manuscrito mediante el Control de Cambios de Microsoft Word.<\/li>\n\n\n\n<li class=\"\">Una revisi\u00f3n de la mec\u00e1nica de la escritura, la ortograf\u00eda, gram\u00e1tica y los errores de puntuaci\u00f3n. El estilo y la coherencia tambi\u00e9n son importantes aqu\u00ed. Estas revisiones se marcan en el texto con el Control de Cambios de Microsoft Word.<\/li>\n<\/ul>\n\n\n\n<p class=\"has-regular-font-size\">Extra: Hoja de estilo<\/p>\n\n\n\n<p class=\"\"><\/p>\n\n\n\n<p class=\"has-large-font-size\"><strong>\u00bfEn cu\u00e1ntas correcciones de estilo y ortotipogr\u00e1ficas trabajo al mes?<\/strong><\/p>\n\n\n\n<p class=\"\">Una. Solamente trabajo en una correcci\u00f3n de estilo y ortotipogr\u00e1fica al mes. Recibo proyectos nuevos a principios de mes.<\/p>\n\n\n\n<p class=\"\">Si te interesa, pide un presupuesto ahora.<\/p>\n\n\n\n<p class=\"has-large-font-size\"><strong>\u00bfCu\u00e1nto cuesta este servicio?<\/strong><\/p>\n\n\n\n<p class=\"\">Los precios para estos servicios se basan en un costo por hora. Si, por ejemplo, usted me pide un presupuesto para hacer una correcci\u00f3n ortotipogr\u00e1fica de una novela con 350 p\u00e1ginas, yo le dar\u00e9 una cantidad aproximada por el n\u00famero total de horas que calculo ser\u00e1n necesarias para acompletar la revisi\u00f3n. Sin embargo, esta cantidad puede ser menor or mayor dependiendo del n\u00famero de horas que realmente necesite para terminar el trabajo. El n\u00famero exacto de horas se le indicara en una factura una vez finalizado el trabajo.<\/p>\n\n\n\n<figure style=\"font-size:22px\" class=\"wp-block-table\"><table class=\"has-fixed-layout\"><tbody><tr><td><strong>Tipo de servicio<\/strong><\/td><td><strong>Costo por hora<\/strong><\/td><td><strong>Tiempo de entrega<\/strong><\/td><\/tr><tr><td>Correcci\u00f3n ortotipogr\u00e1fica<\/td><td>$45<\/td><td>Acordado con el autor<\/td><\/tr><tr><td>Correcci\u00f3n de estilo<\/td><td>$50<\/td><td>Acordado con el autor<\/td><\/tr><tr><td>Correcci\u00f3n ortotipogr\u00e1fica y de estilo<\/td><td>$55<\/td><td>Acordado con el autor<\/td><\/tr><\/tbody><\/table><\/figure>\n\n\n\n<p class=\"\"><\/p>\n\n\n\n<div class=\"wp-block-buttons is-content-justification-center is-layout-flex wp-container-core-buttons-is-layout-a89b3969 wp-block-buttons-is-layout-flex\">\n<div class=\"wp-block-button\"><a class=\"wp-block-button__link wp-element-button\" href=\"https:\/\/docs.google.com\/forms\/d\/e\/1FAIpQLSdLY-TJnZX0fWMF89wkDbA0VeiVPqxb4jGmL5qLGXQnUUDl5A\/viewform?usp=publish-editor\" target=\"_blank\" rel=\"noreferrer noopener\"><strong>Pide un presupuesto<\/strong><\/a><\/div>\n<\/div>\n\n\n\n<p class=\"\"><\/p>","protected":false},"excerpt":{"rendered":"<p>What is a Line and Copy Edit? Line editing is a revision of the creative content, writing style and language use at the sentence and paragraph level. The purpose is to address how you communicate your story to your readers. A copy edit is a revision of grammar and punctuation. Style and consistency are also [&hellip;]<\/p>\n","protected":false},"author":1,"featured_media":0,"parent":0,"menu_order":0,"comment_status":"closed","ping_status":"closed","template":"","meta":{"nf_dc_page":"","om_disable_all_campaigns":false,"_monsterinsights_skip_tracking":false,"_monsterinsights_sitenote_active":false,"_monsterinsights_sitenote_note":"","_monsterinsights_sitenote_category":0,"footnotes":""},"class_list":["post-1357","page","type-page","status-publish","hentry"],"yoast_head":"<!-- This site is optimized with the Yoast SEO plugin v27.4 - https:\/\/yoast.com\/product\/yoast-seo-wordpress\/ -->\n<title>Act 3 - &quot;The End&quot; Book Editors<\/title>\n<meta name=\"robots\" content=\"index, follow, max-snippet:-1, max-image-preview:large, max-video-preview:-1\" \/>\n<link rel=\"canonical\" href=\"https:\/\/theendbookeditors.com\/es\/act-3\/\" \/>\n<meta property=\"og:locale\" content=\"es_MX\" \/>\n<meta property=\"og:type\" content=\"article\" \/>\n<meta property=\"og:title\" content=\"Act 3 - &quot;The End&quot; Book Editors\" \/>\n<meta property=\"og:description\" content=\"What is a Line and Copy Edit? Line editing is a revision of the creative content, writing style and language use at the sentence and paragraph level. The purpose is to address how you communicate your story to your readers. A copy edit is a revision of grammar and punctuation. Style and consistency are also [&hellip;]\" \/>\n<meta property=\"og:url\" content=\"https:\/\/theendbookeditors.com\/es\/act-3\/\" \/>\n<meta property=\"og:site_name\" content=\"&quot;The End&quot; Book Editors\" \/>\n<meta property=\"article:modified_time\" content=\"2026-01-26T15:24:55+00:00\" \/>\n<meta property=\"og:image\" content=\"https:\/\/i0.wp.com\/theendbookeditors.com\/wp-content\/uploads\/2025\/11\/Pencil580.jpg?fit=580%2C265&ssl=1\" \/>\n\t<meta property=\"og:image:width\" content=\"580\" \/>\n\t<meta property=\"og:image:height\" content=\"265\" \/>\n\t<meta property=\"og:image:type\" content=\"image\/jpeg\" \/>\n<meta name=\"twitter:card\" content=\"summary_large_image\" \/>\n<meta name=\"twitter:label1\" content=\"Tiempo de lectura\" \/>\n\t<meta name=\"twitter:data1\" content=\"3 minutos\" \/>\n<script type=\"application\/ld+json\" class=\"yoast-schema-graph\">{\"@context\":\"https:\\\/\\\/schema.org\",\"@graph\":[{\"@type\":\"WebPage\",\"@id\":\"https:\\\/\\\/theendbookeditors.com\\\/act-3\\\/\",\"url\":\"https:\\\/\\\/theendbookeditors.com\\\/act-3\\\/\",\"name\":\"Act 3 - &quot;The End&quot; Book Editors\",\"isPartOf\":{\"@id\":\"http:\\\/\\\/box2135.temp.domains\\\/~theendb1\\\/#website\"},\"primaryImageOfPage\":{\"@id\":\"https:\\\/\\\/theendbookeditors.com\\\/act-3\\\/#primaryimage\"},\"image\":{\"@id\":\"https:\\\/\\\/theendbookeditors.com\\\/act-3\\\/#primaryimage\"},\"thumbnailUrl\":\"https:\\\/\\\/i0.wp.com\\\/theendbookeditors.com\\\/wp-content\\\/uploads\\\/2025\\\/11\\\/Pencil580.jpg?fit=580%2C265&amp;ssl=1\",\"datePublished\":\"2025-10-31T16:54:05+00:00\",\"dateModified\":\"2026-01-26T15:24:55+00:00\",\"breadcrumb\":{\"@id\":\"https:\\\/\\\/theendbookeditors.com\\\/act-3\\\/#breadcrumb\"},\"inLanguage\":\"es\",\"potentialAction\":[{\"@type\":\"ReadAction\",\"target\":[\"https:\\\/\\\/theendbookeditors.com\\\/act-3\\\/\"]}]},{\"@type\":\"ImageObject\",\"inLanguage\":\"es\",\"@id\":\"https:\\\/\\\/theendbookeditors.com\\\/act-3\\\/#primaryimage\",\"url\":\"https:\\\/\\\/i0.wp.com\\\/theendbookeditors.com\\\/wp-content\\\/uploads\\\/2025\\\/11\\\/Pencil580.jpg?fit=580%2C265&amp;ssl=1\",\"contentUrl\":\"https:\\\/\\\/i0.wp.com\\\/theendbookeditors.com\\\/wp-content\\\/uploads\\\/2025\\\/11\\\/Pencil580.jpg?fit=580%2C265&amp;ssl=1\"},{\"@type\":\"BreadcrumbList\",\"@id\":\"https:\\\/\\\/theendbookeditors.com\\\/act-3\\\/#breadcrumb\",\"itemListElement\":[{\"@type\":\"ListItem\",\"position\":1,\"name\":\"Home\",\"item\":\"https:\\\/\\\/theendbookeditors.com\\\/\"},{\"@type\":\"ListItem\",\"position\":2,\"name\":\"Act 3\"}]},{\"@type\":\"WebSite\",\"@id\":\"http:\\\/\\\/box2135.temp.domains\\\/~theendb1\\\/#website\",\"url\":\"http:\\\/\\\/box2135.temp.domains\\\/~theendb1\\\/\",\"name\":\"&quot;The End&quot; Book Editors\",\"description\":\"\",\"potentialAction\":[{\"@type\":\"SearchAction\",\"target\":{\"@type\":\"EntryPoint\",\"urlTemplate\":\"http:\\\/\\\/box2135.temp.domains\\\/~theendb1\\\/?s={search_term_string}\"},\"query-input\":{\"@type\":\"PropertyValueSpecification\",\"valueRequired\":true,\"valueName\":\"search_term_string\"}}],\"inLanguage\":\"es\"}]}<\/script>\n<!-- \/ Yoast SEO plugin. -->","yoast_head_json":{"title":"Act 3 - &quot;The End&quot; Book Editors","robots":{"index":"index","follow":"follow","max-snippet":"max-snippet:-1","max-image-preview":"max-image-preview:large","max-video-preview":"max-video-preview:-1"},"canonical":"https:\/\/theendbookeditors.com\/es\/act-3\/","og_locale":"es_MX","og_type":"article","og_title":"Act 3 - &quot;The End&quot; Book Editors","og_description":"What is a Line and Copy Edit? Line editing is a revision of the creative content, writing style and language use at the sentence and paragraph level. The purpose is to address how you communicate your story to your readers. A copy edit is a revision of grammar and punctuation. Style and consistency are also [&hellip;]","og_url":"https:\/\/theendbookeditors.com\/es\/act-3\/","og_site_name":"&quot;The End&quot; Book Editors","article_modified_time":"2026-01-26T15:24:55+00:00","og_image":[{"width":580,"height":265,"url":"https:\/\/i0.wp.com\/theendbookeditors.com\/wp-content\/uploads\/2025\/11\/Pencil580.jpg?fit=580%2C265&ssl=1","type":"image\/jpeg"}],"twitter_card":"summary_large_image","twitter_misc":{"Tiempo de lectura":"3 minutos"},"schema":{"@context":"https:\/\/schema.org","@graph":[{"@type":"WebPage","@id":"https:\/\/theendbookeditors.com\/act-3\/","url":"https:\/\/theendbookeditors.com\/act-3\/","name":"Act 3 - &quot;The End&quot; Book Editors","isPartOf":{"@id":"http:\/\/box2135.temp.domains\/~theendb1\/#website"},"primaryImageOfPage":{"@id":"https:\/\/theendbookeditors.com\/act-3\/#primaryimage"},"image":{"@id":"https:\/\/theendbookeditors.com\/act-3\/#primaryimage"},"thumbnailUrl":"https:\/\/i0.wp.com\/theendbookeditors.com\/wp-content\/uploads\/2025\/11\/Pencil580.jpg?fit=580%2C265&amp;ssl=1","datePublished":"2025-10-31T16:54:05+00:00","dateModified":"2026-01-26T15:24:55+00:00","breadcrumb":{"@id":"https:\/\/theendbookeditors.com\/act-3\/#breadcrumb"},"inLanguage":"es","potentialAction":[{"@type":"ReadAction","target":["https:\/\/theendbookeditors.com\/act-3\/"]}]},{"@type":"ImageObject","inLanguage":"es","@id":"https:\/\/theendbookeditors.com\/act-3\/#primaryimage","url":"https:\/\/i0.wp.com\/theendbookeditors.com\/wp-content\/uploads\/2025\/11\/Pencil580.jpg?fit=580%2C265&amp;ssl=1","contentUrl":"https:\/\/i0.wp.com\/theendbookeditors.com\/wp-content\/uploads\/2025\/11\/Pencil580.jpg?fit=580%2C265&amp;ssl=1"},{"@type":"BreadcrumbList","@id":"https:\/\/theendbookeditors.com\/act-3\/#breadcrumb","itemListElement":[{"@type":"ListItem","position":1,"name":"Home","item":"https:\/\/theendbookeditors.com\/"},{"@type":"ListItem","position":2,"name":"Act 3"}]},{"@type":"WebSite","@id":"http:\/\/box2135.temp.domains\/~theendb1\/#website","url":"http:\/\/box2135.temp.domains\/~theendb1\/","name":"&quot;The End&quot; Book Editors","description":"","potentialAction":[{"@type":"SearchAction","target":{"@type":"EntryPoint","urlTemplate":"http:\/\/box2135.temp.domains\/~theendb1\/?s={search_term_string}"},"query-input":{"@type":"PropertyValueSpecification","valueRequired":true,"valueName":"search_term_string"}}],"inLanguage":"es"}]}},"jetpack_sharing_enabled":true,"_links":{"self":[{"href":"https:\/\/theendbookeditors.com\/es\/wp-json\/wp\/v2\/pages\/1357","targetHints":{"allow":["GET"]}}],"collection":[{"href":"https:\/\/theendbookeditors.com\/es\/wp-json\/wp\/v2\/pages"}],"about":[{"href":"https:\/\/theendbookeditors.com\/es\/wp-json\/wp\/v2\/types\/page"}],"author":[{"embeddable":true,"href":"https:\/\/theendbookeditors.com\/es\/wp-json\/wp\/v2\/users\/1"}],"replies":[{"embeddable":true,"href":"https:\/\/theendbookeditors.com\/es\/wp-json\/wp\/v2\/comments?post=1357"}],"version-history":[{"count":6,"href":"https:\/\/theendbookeditors.com\/es\/wp-json\/wp\/v2\/pages\/1357\/revisions"}],"predecessor-version":[{"id":1572,"href":"https:\/\/theendbookeditors.com\/es\/wp-json\/wp\/v2\/pages\/1357\/revisions\/1572"}],"wp:attachment":[{"href":"https:\/\/theendbookeditors.com\/es\/wp-json\/wp\/v2\/media?parent=1357"}],"curies":[{"name":"wp","href":"https:\/\/api.w.org\/{rel}","templated":true}]}}