{"id":1358,"date":"2025-10-31T16:56:13","date_gmt":"2025-10-31T16:56:13","guid":{"rendered":"https:\/\/theendbookeditors.com\/?page_id=1358"},"modified":"2026-01-26T15:28:52","modified_gmt":"2026-01-26T15:28:52","slug":"epilogue","status":"publish","type":"page","link":"https:\/\/theendbookeditors.com\/es\/epilogue\/","title":{"rendered":"Ep\u00edlogo"},"content":{"rendered":"<figure class=\"wp-block-image aligncenter size-full\"><img data-recalc-dims=\"1\" loading=\"lazy\" decoding=\"async\" width=\"500\" height=\"262\" src=\"https:\/\/i0.wp.com\/theendbookeditors.com\/wp-content\/uploads\/2025\/11\/500GrayPencil.jpg?resize=500%2C262&#038;ssl=1\" alt=\"\" class=\"wp-image-1451\" srcset=\"https:\/\/i0.wp.com\/theendbookeditors.com\/wp-content\/uploads\/2025\/11\/500GrayPencil.jpg?w=500&amp;ssl=1 500w, https:\/\/i0.wp.com\/theendbookeditors.com\/wp-content\/uploads\/2025\/11\/500GrayPencil.jpg?resize=300%2C157&amp;ssl=1 300w, https:\/\/i0.wp.com\/theendbookeditors.com\/wp-content\/uploads\/2025\/11\/500GrayPencil.jpg?resize=18%2C9&amp;ssl=1 18w\" sizes=\"auto, (max-width: 500px) 100vw, 500px\" \/><\/figure>\n\n\n\n<p class=\"has-large-font-size\"><strong>\u00bfQu\u00e9 es una correcci\u00f3n de pruebas?<\/strong><\/p>\n\n\n\n<p class=\"\">Una correcci\u00f3n de pruebas es una revisi\u00f3n de errores gramaticales, ortogr\u00e1ficos, de puntuaci\u00f3n, de estilo e inconsistencias que pudieran haberse presentado en etapas anteriores de la edici\u00f3n de tu libro. Esta es la \u00faltima fase del proceso de edici\u00f3n.<\/p>\n\n\n\n<p class=\"has-large-font-size\"><strong>\u00bfQu\u00e9 incluye este servicio?<\/strong><\/p>\n\n\n\n<ul class=\"wp-block-list\">\n<li class=\"\">Una lectura completa y detallada de su manuscrito.<\/li>\n\n\n\n<li class=\"\">Errores ortogr\u00e1ficos de \u00faltimo momento, puntuaci\u00f3n incorrecta o faltante, inconsistencias, etc., que pudieron haber ocurrido en etapas anteriores de edici\u00f3n y que hasta ahora se han pasado por alto. <\/li>\n\n\n\n<li class=\"\">Estas revisiones est\u00e1n marcadas en el Control de Cambios de Microsoft Word. <\/li>\n<\/ul>\n\n\n\n<p class=\"has-large-font-size\"><strong>\u00bfEn cu\u00e1ntas correcciones de prueba trabajo al mes?<\/strong><\/p>\n\n\n\n<p class=\"\">Dos. Solamente trabajo en dos correcciones de prueba al mes. Solamente acepto manuscritos que no haya le\u00eddo antes. <\/p>\n\n\n\n<p class=\"\">Si te interesa, pide un presupuesto ahora.<\/p>\n\n\n\n<p class=\"has-large-font-size\"><strong>\u00bfCu\u00e1nto cuesta este servicio?<\/strong><\/p>\n\n\n\n<p class=\"\">La correcci\u00f3n de pruebas cuesta $30 por hora. Si, por ejemplo, usted me pide un presupuesto para corregirle la prueba de una novela con 350 p\u00e1ginas, yo le dar\u00e9 una cantidad aproximada por el n\u00famero total de horas que calculo ser\u00e1n necesarias para acompletar la revisi\u00f3n. Sin embargo, esta cantidad puede ser menor or mayor dependiendo del n\u00famero de horas que realmente necesite para terminar el trabajo. El n\u00famero exacto de horas se le indicara en una factura una vez finalizado el trabajo.<\/p>\n\n\n\n<p class=\"\"><\/p>\n\n\n\n<div class=\"wp-block-buttons is-content-justification-center is-layout-flex wp-container-core-buttons-is-layout-a89b3969 wp-block-buttons-is-layout-flex\">\n<div class=\"wp-block-button\"><a class=\"wp-block-button__link wp-element-button\" href=\"https:\/\/docs.google.com\/forms\/d\/e\/1FAIpQLSdlYcEelWG7oxFDwKCfvX6jrilT73ogBYPWIZdzWQWFLDlmmg\/viewform?usp=header\" target=\"_blank\" rel=\"noreferrer noopener\"><strong>Pide un presupuesto ahora<\/strong><\/a><\/div>\n<\/div>\n\n\n\n<p class=\"\"><\/p>","protected":false},"excerpt":{"rendered":"<p>What is Proofreading? Proofreading is a revision of grammatical, spelling, punctuation, and style errors as well as inconsistencies that might have occurred throughout previous stages of editing. This is the last phase of the editing process. What does this service include? How many proofreading projects do I book per month? Two. I only work on [&hellip;]<\/p>\n","protected":false},"author":1,"featured_media":0,"parent":0,"menu_order":0,"comment_status":"closed","ping_status":"closed","template":"","meta":{"nf_dc_page":"","om_disable_all_campaigns":false,"_monsterinsights_skip_tracking":false,"_monsterinsights_sitenote_active":false,"_monsterinsights_sitenote_note":"","_monsterinsights_sitenote_category":0,"footnotes":""},"class_list":["post-1358","page","type-page","status-publish","hentry"],"yoast_head":"<!-- This site is optimized with the Yoast SEO plugin v27.4 - https:\/\/yoast.com\/product\/yoast-seo-wordpress\/ -->\n<title>Epilogue - &quot;The End&quot; Book Editors<\/title>\n<meta name=\"robots\" content=\"index, follow, max-snippet:-1, max-image-preview:large, max-video-preview:-1\" \/>\n<link rel=\"canonical\" href=\"https:\/\/theendbookeditors.com\/es\/epilogue\/\" \/>\n<meta property=\"og:locale\" content=\"es_MX\" \/>\n<meta property=\"og:type\" content=\"article\" \/>\n<meta property=\"og:title\" content=\"Epilogue - &quot;The End&quot; Book Editors\" \/>\n<meta property=\"og:description\" content=\"What is Proofreading? Proofreading is a revision of grammatical, spelling, punctuation, and style errors as well as inconsistencies that might have occurred throughout previous stages of editing. This is the last phase of the editing process. What does this service include? How many proofreading projects do I book per month? Two. I only work on [&hellip;]\" \/>\n<meta property=\"og:url\" content=\"https:\/\/theendbookeditors.com\/es\/epilogue\/\" \/>\n<meta property=\"og:site_name\" content=\"&quot;The End&quot; Book Editors\" \/>\n<meta property=\"article:modified_time\" content=\"2026-01-26T15:28:52+00:00\" \/>\n<meta property=\"og:image\" content=\"https:\/\/theendbookeditors.com\/wp-content\/uploads\/2025\/11\/500GrayPencil.jpg\" \/>\n<meta name=\"twitter:card\" content=\"summary_large_image\" \/>\n<meta name=\"twitter:label1\" content=\"Tiempo de lectura\" \/>\n\t<meta name=\"twitter:data1\" content=\"2 minutos\" \/>\n<script type=\"application\/ld+json\" class=\"yoast-schema-graph\">{\"@context\":\"https:\\\/\\\/schema.org\",\"@graph\":[{\"@type\":\"WebPage\",\"@id\":\"https:\\\/\\\/theendbookeditors.com\\\/epilogue\\\/\",\"url\":\"https:\\\/\\\/theendbookeditors.com\\\/epilogue\\\/\",\"name\":\"Epilogue - &quot;The End&quot; Book Editors\",\"isPartOf\":{\"@id\":\"http:\\\/\\\/box2135.temp.domains\\\/~theendb1\\\/#website\"},\"primaryImageOfPage\":{\"@id\":\"https:\\\/\\\/theendbookeditors.com\\\/epilogue\\\/#primaryimage\"},\"image\":{\"@id\":\"https:\\\/\\\/theendbookeditors.com\\\/epilogue\\\/#primaryimage\"},\"thumbnailUrl\":\"https:\\\/\\\/theendbookeditors.com\\\/wp-content\\\/uploads\\\/2025\\\/11\\\/500GrayPencil.jpg\",\"datePublished\":\"2025-10-31T16:56:13+00:00\",\"dateModified\":\"2026-01-26T15:28:52+00:00\",\"breadcrumb\":{\"@id\":\"https:\\\/\\\/theendbookeditors.com\\\/epilogue\\\/#breadcrumb\"},\"inLanguage\":\"es\",\"potentialAction\":[{\"@type\":\"ReadAction\",\"target\":[\"https:\\\/\\\/theendbookeditors.com\\\/epilogue\\\/\"]}]},{\"@type\":\"ImageObject\",\"inLanguage\":\"es\",\"@id\":\"https:\\\/\\\/theendbookeditors.com\\\/epilogue\\\/#primaryimage\",\"url\":\"https:\\\/\\\/theendbookeditors.com\\\/wp-content\\\/uploads\\\/2025\\\/11\\\/500GrayPencil.jpg\",\"contentUrl\":\"https:\\\/\\\/theendbookeditors.com\\\/wp-content\\\/uploads\\\/2025\\\/11\\\/500GrayPencil.jpg\"},{\"@type\":\"BreadcrumbList\",\"@id\":\"https:\\\/\\\/theendbookeditors.com\\\/epilogue\\\/#breadcrumb\",\"itemListElement\":[{\"@type\":\"ListItem\",\"position\":1,\"name\":\"Home\",\"item\":\"https:\\\/\\\/theendbookeditors.com\\\/\"},{\"@type\":\"ListItem\",\"position\":2,\"name\":\"Epilogue\"}]},{\"@type\":\"WebSite\",\"@id\":\"http:\\\/\\\/box2135.temp.domains\\\/~theendb1\\\/#website\",\"url\":\"http:\\\/\\\/box2135.temp.domains\\\/~theendb1\\\/\",\"name\":\"&quot;The End&quot; Book Editors\",\"description\":\"\",\"potentialAction\":[{\"@type\":\"SearchAction\",\"target\":{\"@type\":\"EntryPoint\",\"urlTemplate\":\"http:\\\/\\\/box2135.temp.domains\\\/~theendb1\\\/?s={search_term_string}\"},\"query-input\":{\"@type\":\"PropertyValueSpecification\",\"valueRequired\":true,\"valueName\":\"search_term_string\"}}],\"inLanguage\":\"es\"}]}<\/script>\n<!-- \/ Yoast SEO plugin. -->","yoast_head_json":{"title":"Epilogue - &quot;The End&quot; Book Editors","robots":{"index":"index","follow":"follow","max-snippet":"max-snippet:-1","max-image-preview":"max-image-preview:large","max-video-preview":"max-video-preview:-1"},"canonical":"https:\/\/theendbookeditors.com\/es\/epilogue\/","og_locale":"es_MX","og_type":"article","og_title":"Epilogue - &quot;The End&quot; Book Editors","og_description":"What is Proofreading? Proofreading is a revision of grammatical, spelling, punctuation, and style errors as well as inconsistencies that might have occurred throughout previous stages of editing. This is the last phase of the editing process. What does this service include? How many proofreading projects do I book per month? Two. I only work on [&hellip;]","og_url":"https:\/\/theendbookeditors.com\/es\/epilogue\/","og_site_name":"&quot;The End&quot; Book Editors","article_modified_time":"2026-01-26T15:28:52+00:00","og_image":[{"url":"https:\/\/theendbookeditors.com\/wp-content\/uploads\/2025\/11\/500GrayPencil.jpg","type":"","width":"","height":""}],"twitter_card":"summary_large_image","twitter_misc":{"Tiempo de lectura":"2 minutos"},"schema":{"@context":"https:\/\/schema.org","@graph":[{"@type":"WebPage","@id":"https:\/\/theendbookeditors.com\/epilogue\/","url":"https:\/\/theendbookeditors.com\/epilogue\/","name":"Epilogue - &quot;The End&quot; Book Editors","isPartOf":{"@id":"http:\/\/box2135.temp.domains\/~theendb1\/#website"},"primaryImageOfPage":{"@id":"https:\/\/theendbookeditors.com\/epilogue\/#primaryimage"},"image":{"@id":"https:\/\/theendbookeditors.com\/epilogue\/#primaryimage"},"thumbnailUrl":"https:\/\/theendbookeditors.com\/wp-content\/uploads\/2025\/11\/500GrayPencil.jpg","datePublished":"2025-10-31T16:56:13+00:00","dateModified":"2026-01-26T15:28:52+00:00","breadcrumb":{"@id":"https:\/\/theendbookeditors.com\/epilogue\/#breadcrumb"},"inLanguage":"es","potentialAction":[{"@type":"ReadAction","target":["https:\/\/theendbookeditors.com\/epilogue\/"]}]},{"@type":"ImageObject","inLanguage":"es","@id":"https:\/\/theendbookeditors.com\/epilogue\/#primaryimage","url":"https:\/\/theendbookeditors.com\/wp-content\/uploads\/2025\/11\/500GrayPencil.jpg","contentUrl":"https:\/\/theendbookeditors.com\/wp-content\/uploads\/2025\/11\/500GrayPencil.jpg"},{"@type":"BreadcrumbList","@id":"https:\/\/theendbookeditors.com\/epilogue\/#breadcrumb","itemListElement":[{"@type":"ListItem","position":1,"name":"Home","item":"https:\/\/theendbookeditors.com\/"},{"@type":"ListItem","position":2,"name":"Epilogue"}]},{"@type":"WebSite","@id":"http:\/\/box2135.temp.domains\/~theendb1\/#website","url":"http:\/\/box2135.temp.domains\/~theendb1\/","name":"&quot;The End&quot; Book Editors","description":"","potentialAction":[{"@type":"SearchAction","target":{"@type":"EntryPoint","urlTemplate":"http:\/\/box2135.temp.domains\/~theendb1\/?s={search_term_string}"},"query-input":{"@type":"PropertyValueSpecification","valueRequired":true,"valueName":"search_term_string"}}],"inLanguage":"es"}]}},"jetpack_sharing_enabled":true,"_links":{"self":[{"href":"https:\/\/theendbookeditors.com\/es\/wp-json\/wp\/v2\/pages\/1358","targetHints":{"allow":["GET"]}}],"collection":[{"href":"https:\/\/theendbookeditors.com\/es\/wp-json\/wp\/v2\/pages"}],"about":[{"href":"https:\/\/theendbookeditors.com\/es\/wp-json\/wp\/v2\/types\/page"}],"author":[{"embeddable":true,"href":"https:\/\/theendbookeditors.com\/es\/wp-json\/wp\/v2\/users\/1"}],"replies":[{"embeddable":true,"href":"https:\/\/theendbookeditors.com\/es\/wp-json\/wp\/v2\/comments?post=1358"}],"version-history":[{"count":5,"href":"https:\/\/theendbookeditors.com\/es\/wp-json\/wp\/v2\/pages\/1358\/revisions"}],"predecessor-version":[{"id":1574,"href":"https:\/\/theendbookeditors.com\/es\/wp-json\/wp\/v2\/pages\/1358\/revisions\/1574"}],"wp:attachment":[{"href":"https:\/\/theendbookeditors.com\/es\/wp-json\/wp\/v2\/media?parent=1358"}],"curies":[{"name":"wp","href":"https:\/\/api.w.org\/{rel}","templated":true}]}}