{"id":25,"date":"2022-08-25T14:27:01","date_gmt":"2022-08-25T14:27:01","guid":{"rendered":"https:\/\/theendbookeditors.com\/?page_id=25"},"modified":"2025-11-21T13:53:14","modified_gmt":"2025-11-21T13:53:14","slug":"about","status":"publish","type":"page","link":"https:\/\/theendbookeditors.com\/es\/about\/","title":{"rendered":"Acerca de \"The End\" Book Editors"},"content":{"rendered":"<figure class=\"wp-block-image aligncenter size-large\"><img data-recalc-dims=\"1\" loading=\"lazy\" decoding=\"async\" width=\"1024\" height=\"512\" src=\"https:\/\/i0.wp.com\/theendbookeditors.com\/wp-content\/uploads\/2025\/02\/AdobeStock_613332177.jpeg?resize=1024%2C512&#038;ssl=1\" alt=\"\" class=\"wp-image-1070\" srcset=\"https:\/\/i0.wp.com\/theendbookeditors.com\/wp-content\/uploads\/2025\/02\/AdobeStock_613332177-scaled.jpeg?resize=1024%2C512&amp;ssl=1 1024w, https:\/\/i0.wp.com\/theendbookeditors.com\/wp-content\/uploads\/2025\/02\/AdobeStock_613332177-scaled.jpeg?resize=300%2C150&amp;ssl=1 300w, https:\/\/i0.wp.com\/theendbookeditors.com\/wp-content\/uploads\/2025\/02\/AdobeStock_613332177-scaled.jpeg?resize=768%2C384&amp;ssl=1 768w, https:\/\/i0.wp.com\/theendbookeditors.com\/wp-content\/uploads\/2025\/02\/AdobeStock_613332177-scaled.jpeg?resize=1536%2C768&amp;ssl=1 1536w, https:\/\/i0.wp.com\/theendbookeditors.com\/wp-content\/uploads\/2025\/02\/AdobeStock_613332177-scaled.jpeg?resize=2048%2C1024&amp;ssl=1 2048w, https:\/\/i0.wp.com\/theendbookeditors.com\/wp-content\/uploads\/2025\/02\/AdobeStock_613332177-scaled.jpeg?resize=18%2C9&amp;ssl=1 18w\" sizes=\"auto, (max-width: 1000px) 100vw, 1000px\" \/><\/figure>\n\n\n\n<div style=\"height:100px\" aria-hidden=\"true\" class=\"wp-block-spacer\"><\/div>\n\n\n\n<p style=\"font-size:45px\" class=\"\">Misi\u00f3n<\/p>\n\n\n\n<p class=\"has-regular-font-size\">Proporcionar servicios de correcci\u00f3n y edici\u00f3n de textos de calidad que ayuden a autores mejorar y pulir sus manuscritos. Estos servicios tambi\u00e9n pretende ayudarlos a comunicarse de manera m\u00e1s clara y precisa. <\/p>\n\n\n\n<hr class=\"wp-block-separator has-alpha-channel-opacity\"\/>\n\n\n\n<p style=\"font-size:45px\" class=\"\">Visi\u00f3n<\/p>\n\n\n\n<p class=\"has-regular-font-size\">Al trabajar contigo, me esfuerzo por alcanzar la visi\u00f3n que tienes para tu libro. Esa tambi\u00e9n es mi visi\u00f3n. <\/p>\n\n\n\n<hr class=\"wp-block-separator has-alpha-channel-opacity\"\/>\n\n\n\n<p style=\"font-size:45px\" class=\"\">Valores Fundamentales<\/p>\n\n\n\n<ul class=\"wp-block-list\">\n<li class=\"has-regular-font-size\"><strong>Integridad: <\/strong>Busco generar confianza con usted al proporcionarle retroalimentaci\u00f3n honesta y transparente. <\/li>\n<\/ul>\n\n\n\n<ul class=\"wp-block-list\">\n<li class=\"has-regular-font-size\"><strong>Compasi\u00f3n:<\/strong> Me preocupo por su trabajo y procuro atender sus necesidades lo mejor que puedo para ofrecerle un excelente servicio. <\/li>\n<\/ul>\n\n\n\n<ul class=\"wp-block-list\">\n<li class=\"has-regular-font-size\"><strong>Respeto:<\/strong> Valoro sus ideas y su creatividad. Su voz y la historia que quiere contar, as\u00ed que los trato con dignidad y profesionalismo. <\/li>\n<\/ul>\n\n\n\n<hr class=\"wp-block-separator has-alpha-channel-opacity\"\/>\n\n\n\n<p style=\"font-size:45px\" class=\"\">Lo Que Puedo Ofrecerle<\/p>\n\n\n\n<ul class=\"wp-block-list\">\n<li class=\"has-body-text-font-size\">Un servicio personalizado c\u00e1lido y de alta calidad. <\/li>\n\n\n\n<li class=\"has-body-text-font-size\">M\u00e1s de 10 a\u00f1os de experiencia en correcci\u00f3n y edici\u00f3n de textos.<\/li>\n\n\n\n<li class=\"has-body-text-font-size\">Puntualidad en los tiempos de entrega.<\/li>\n\n\n\n<li class=\"has-body-text-font-size\">Confidencialidad y seguridad. Cualquier documento o manuscrito que usted me conf\u00ede ser\u00e1 estrictamente confidencial. En \"The End\" Book Editors, s\u00e9 lo importante que es proteger la confidencialidad y seguridad de su trabajo. Por lo tanto, trato su material con el m\u00e1ximo respeto y no divulgo ninguna informaci\u00f3n. Si usted lo requiere, tambi\u00e9n estoy dispuesta a firmar un acuerdo de confidencialidad a pedido. <\/li>\n<\/ul>\n\n\n\n<div style=\"height:100px\" aria-hidden=\"true\" class=\"wp-block-spacer\"><\/div>\n\n\n\n<div class=\"wp-block-columns is-layout-flex wp-container-core-columns-is-layout-28f84493 wp-block-columns-is-layout-flex\">\n<div class=\"wp-block-column is-layout-flow wp-block-column-is-layout-flow\">\n<figure class=\"wp-block-image size-large is-resized\"><img data-recalc-dims=\"1\" loading=\"lazy\" decoding=\"async\" width=\"819\" height=\"1024\" src=\"https:\/\/i0.wp.com\/theendbookeditors.com\/wp-content\/uploads\/2022\/08\/Melina1500.jpg?resize=819%2C1024&#038;ssl=1\" alt=\"\" class=\"wp-image-241\" style=\"width:542px;height:678px\" srcset=\"https:\/\/i0.wp.com\/theendbookeditors.com\/wp-content\/uploads\/2022\/08\/Melina1500.jpg?resize=819%2C1024&amp;ssl=1 819w, https:\/\/i0.wp.com\/theendbookeditors.com\/wp-content\/uploads\/2022\/08\/Melina1500.jpg?resize=240%2C300&amp;ssl=1 240w, https:\/\/i0.wp.com\/theendbookeditors.com\/wp-content\/uploads\/2022\/08\/Melina1500.jpg?resize=768%2C960&amp;ssl=1 768w, https:\/\/i0.wp.com\/theendbookeditors.com\/wp-content\/uploads\/2022\/08\/Melina1500.jpg?resize=1229%2C1536&amp;ssl=1 1229w, https:\/\/i0.wp.com\/theendbookeditors.com\/wp-content\/uploads\/2022\/08\/Melina1500.jpg?w=1500&amp;ssl=1 1500w\" sizes=\"auto, (max-width: 819px) 100vw, 819px\" \/><\/figure>\n<\/div>\n\n\n\n<div class=\"wp-block-column is-layout-flow wp-block-column-is-layout-flow\">\n<p style=\"font-size:18px\" class=\"\">Hola. Bienviendos a \"The End\" Book Editors. Mi nombre es Melina Rodriguez-Cook y soy especialista en letras y ling\u00fc\u00edstica. Me encanta leer y leo libros tanto en espa\u00f1ol como en ingl\u00e9s. Tambi\u00e9n estoy escribiendo una novela y tengo un blog de rese\u00f1as de libros donde escribo sobre los libros que leo cada mes.<\/p>\n\n\n\n<p style=\"font-size:18px\" class=\"\">Mientras escrib\u00eda y editaba mi propia ficci\u00f3n, empec\u00e9 a aprender c\u00f3mo ayudar a otros escritores como correctora de estilo y de textos. Para ello, he tomado los siguientes cursos de capacitaci\u00f3n para editar libros de ficci\u00f3n:<\/p>\n\n\n\n<ul class=\"wp-block-list\">\n<li class=\"\">Developmental Editing: Fiction Theory (Instructor: Sophie Playle from <a href=\"https:\/\/www.liminalpages.com\/\" target=\"_blank\" rel=\"noreferrer noopener\">liminalpages.com<\/a>)<\/li>\n\n\n\n<li class=\"\">Developmental Editing: In Practice (Instructor: Sophie Playle from <a href=\"https:\/\/www.liminalpages.com\/\" target=\"_blank\" rel=\"noreferrer noopener\">liminalpages.com<\/a>)<\/li>\n\n\n\n<li class=\"\">Basics of Editing and Proofreading (<a href=\"https:\/\/www.the-efa.org\/\" target=\"_blank\" rel=\"noreferrer noopener\">Editorial Freelancers Association<\/a>)<\/li>\n\n\n\n<li class=\"\">Introduction to Line Editing Fiction and Creative Non-Fiction (<a href=\"https:\/\/www.the-efa.org\/\" target=\"_blank\" rel=\"noreferrer noopener\">Editorial Freelancers Association<\/a>)<\/li>\n\n\n\n<li class=\"\">Developmental Editing for Fiction: Beginners (<a href=\"https:\/\/www.the-efa.org\/\" target=\"_blank\" rel=\"noreferrer noopener\">Editorial Freelancers Association<\/a>)<\/li>\n\n\n\n<li class=\"\">Developmental Editing for Fiction: Intermediate (<a href=\"https:\/\/www.the-efa.org\/\" target=\"_blank\" rel=\"noreferrer noopener\">Editorial Freelancers Association<\/a>)<\/li>\n\n\n\n<li class=\"\">Tea and Commas: The Foundations of Line and Copy Editing (Instructor: Sophie Playle from <a href=\"https:\/\/www.liminalpages.com\/\" target=\"_blank\" rel=\"noreferrer noopener\">liminalpages.com<\/a>)<\/li>\n\n\n\n<li class=\"\">Copyediting: Beginning (<a href=\"https:\/\/www.the-efa.org\/\" target=\"_blank\" rel=\"noreferrer noopener\">Editorial Freelancers Association<\/a>)<\/li>\n\n\n\n<li class=\"\">Certified book editor by the Professional Book Editors Association (PBEA)<\/li>\n<\/ul>\n<\/div>\n<\/div>\n\n\n\n<div style=\"height:100px\" aria-hidden=\"true\" class=\"wp-block-spacer\"><\/div>\n\n\n\n<figure class=\"wp-block-image aligncenter size-full\"><img data-recalc-dims=\"1\" loading=\"lazy\" decoding=\"async\" width=\"550\" height=\"436\" src=\"https:\/\/i0.wp.com\/theendbookeditors.com\/wp-content\/uploads\/2025\/11\/PBEAlogo550.png?resize=550%2C436&#038;ssl=1\" alt=\"\" class=\"wp-image-1558\" srcset=\"https:\/\/i0.wp.com\/theendbookeditors.com\/wp-content\/uploads\/2025\/11\/PBEAlogo550.png?w=550&amp;ssl=1 550w, https:\/\/i0.wp.com\/theendbookeditors.com\/wp-content\/uploads\/2025\/11\/PBEAlogo550.png?resize=300%2C238&amp;ssl=1 300w, https:\/\/i0.wp.com\/theendbookeditors.com\/wp-content\/uploads\/2025\/11\/PBEAlogo550.png?resize=15%2C12&amp;ssl=1 15w\" sizes=\"auto, (max-width: 550px) 100vw, 550px\" \/><\/figure>\n\n\n\n<div class=\"wp-block-columns is-layout-flex wp-container-core-columns-is-layout-28f84493 wp-block-columns-is-layout-flex\">\n<div class=\"wp-block-column is-layout-flow wp-block-column-is-layout-flow\">\n<figure class=\"wp-block-image aligncenter size-full\"><img loading=\"lazy\" decoding=\"async\" width=\"550\" height=\"348\" src=\"https:\/\/i0.wp.com\/theendbookeditors.com\/wp-content\/uploads\/2025\/11\/Bibliophiliia550.png?fit=550%2C348&amp;ssl=1\" alt=\"\" class=\"wp-image-1563\" srcset=\"https:\/\/i0.wp.com\/theendbookeditors.com\/wp-content\/uploads\/2025\/11\/Bibliophiliia550.png?w=550&amp;ssl=1 550w, https:\/\/i0.wp.com\/theendbookeditors.com\/wp-content\/uploads\/2025\/11\/Bibliophiliia550.png?resize=300%2C190&amp;ssl=1 300w, https:\/\/i0.wp.com\/theendbookeditors.com\/wp-content\/uploads\/2025\/11\/Bibliophiliia550.png?resize=18%2C12&amp;ssl=1 18w\" sizes=\"auto, (max-width: 550px) 100vw, 550px\" \/><\/figure>\n<\/div>\n\n\n\n<div class=\"wp-block-column is-vertically-aligned-center is-layout-flow wp-block-column-is-layout-flow\">\n<figure class=\"wp-block-image size-large\"><img data-recalc-dims=\"1\" loading=\"lazy\" decoding=\"async\" width=\"1024\" height=\"1024\" src=\"https:\/\/i0.wp.com\/theendbookeditors.com\/wp-content\/uploads\/2022\/08\/IndieInkAwardsBadge.png?resize=1024%2C1024&#038;ssl=1\" alt=\"\" class=\"wp-image-325\"\/><\/figure>\n<\/div>\n<\/div>\n\n\n\n<div style=\"height:100px\" aria-hidden=\"true\" class=\"wp-block-spacer\"><\/div>\n\n\n\n<div class=\"wp-block-buttons is-content-justification-center is-layout-flex wp-container-core-buttons-is-layout-a89b3969 wp-block-buttons-is-layout-flex\">\n<div class=\"wp-block-button\"><a class=\"wp-block-button__link wp-element-button\" href=\"https:\/\/theendbookeditors.com\/wp-content\/uploads\/2023\/07\/Resume-Melina-RodriguezEditorEspanol1.pdf\" target=\"_blank\" rel=\"noreferrer noopener\">Descarga mi curr\u00edculum<\/a><\/div>\n<\/div>\n\n\n\n<div style=\"height:100px\" aria-hidden=\"true\" class=\"wp-block-spacer\"><\/div>","protected":false},"excerpt":{"rendered":"<p>Mission To provide high quality editing services that help authors improve their writing and communicate clearly and effectively. Vision I strive to help you reach the vision you have for your book. That is my vision too. Core Values What I Can Offer You Hi. Welcome to &#8220;The End&#8221; Book Editors, formerly known as Stylos [&hellip;]<\/p>\n","protected":false},"author":1,"featured_media":0,"parent":0,"menu_order":0,"comment_status":"closed","ping_status":"closed","template":"","meta":{"nf_dc_page":"","om_disable_all_campaigns":false,"_monsterinsights_skip_tracking":false,"_monsterinsights_sitenote_active":false,"_monsterinsights_sitenote_note":"","_monsterinsights_sitenote_category":0,"footnotes":""},"class_list":["post-25","page","type-page","status-publish","hentry"],"yoast_head":"<!-- This site is optimized with the Yoast SEO plugin v27.4 - https:\/\/yoast.com\/product\/yoast-seo-wordpress\/ -->\n<title>About &quot;The End&quot; Book Editors - &quot;The End&quot; Book Editors<\/title>\n<meta name=\"robots\" content=\"index, follow, max-snippet:-1, max-image-preview:large, max-video-preview:-1\" \/>\n<link rel=\"canonical\" href=\"https:\/\/theendbookeditors.com\/es\/about\/\" \/>\n<meta property=\"og:locale\" content=\"es_MX\" \/>\n<meta property=\"og:type\" content=\"article\" \/>\n<meta property=\"og:title\" content=\"About &quot;The End&quot; Book Editors - &quot;The End&quot; Book Editors\" \/>\n<meta property=\"og:description\" content=\"Mission To provide high quality editing services that help authors improve their writing and communicate clearly and effectively. Vision I strive to help you reach the vision you have for your book. That is my vision too. Core Values What I Can Offer You Hi. Welcome to &#8220;The End&#8221; Book Editors, formerly known as Stylos [&hellip;]\" \/>\n<meta property=\"og:url\" content=\"https:\/\/theendbookeditors.com\/es\/about\/\" \/>\n<meta property=\"og:site_name\" content=\"&quot;The End&quot; Book Editors\" \/>\n<meta property=\"article:modified_time\" content=\"2025-11-21T13:53:14+00:00\" \/>\n<meta property=\"og:image\" content=\"https:\/\/theendbookeditors.com\/wp-content\/uploads\/2025\/02\/AdobeStock_613332177-1024x512.jpeg\" \/>\n<meta name=\"twitter:card\" content=\"summary_large_image\" \/>\n<meta name=\"twitter:label1\" content=\"Tiempo de lectura\" \/>\n\t<meta name=\"twitter:data1\" content=\"3 minutos\" \/>\n<script type=\"application\/ld+json\" class=\"yoast-schema-graph\">{\"@context\":\"https:\\\/\\\/schema.org\",\"@graph\":[{\"@type\":\"WebPage\",\"@id\":\"https:\\\/\\\/theendbookeditors.com\\\/about\\\/\",\"url\":\"https:\\\/\\\/theendbookeditors.com\\\/about\\\/\",\"name\":\"About \\\"The End\\\" Book Editors - &quot;The End&quot; Book Editors\",\"isPartOf\":{\"@id\":\"http:\\\/\\\/box2135.temp.domains\\\/~theendb1\\\/#website\"},\"primaryImageOfPage\":{\"@id\":\"https:\\\/\\\/theendbookeditors.com\\\/about\\\/#primaryimage\"},\"image\":{\"@id\":\"https:\\\/\\\/theendbookeditors.com\\\/about\\\/#primaryimage\"},\"thumbnailUrl\":\"https:\\\/\\\/theendbookeditors.com\\\/wp-content\\\/uploads\\\/2025\\\/02\\\/AdobeStock_613332177-1024x512.jpeg\",\"datePublished\":\"2022-08-25T14:27:01+00:00\",\"dateModified\":\"2025-11-21T13:53:14+00:00\",\"breadcrumb\":{\"@id\":\"https:\\\/\\\/theendbookeditors.com\\\/about\\\/#breadcrumb\"},\"inLanguage\":\"es\",\"potentialAction\":[{\"@type\":\"ReadAction\",\"target\":[\"https:\\\/\\\/theendbookeditors.com\\\/about\\\/\"]}]},{\"@type\":\"ImageObject\",\"inLanguage\":\"es\",\"@id\":\"https:\\\/\\\/theendbookeditors.com\\\/about\\\/#primaryimage\",\"url\":\"https:\\\/\\\/theendbookeditors.com\\\/wp-content\\\/uploads\\\/2025\\\/02\\\/AdobeStock_613332177-1024x512.jpeg\",\"contentUrl\":\"https:\\\/\\\/theendbookeditors.com\\\/wp-content\\\/uploads\\\/2025\\\/02\\\/AdobeStock_613332177-1024x512.jpeg\"},{\"@type\":\"BreadcrumbList\",\"@id\":\"https:\\\/\\\/theendbookeditors.com\\\/about\\\/#breadcrumb\",\"itemListElement\":[{\"@type\":\"ListItem\",\"position\":1,\"name\":\"Home\",\"item\":\"https:\\\/\\\/theendbookeditors.com\\\/\"},{\"@type\":\"ListItem\",\"position\":2,\"name\":\"About &#8220;The End&#8221; Book Editors\"}]},{\"@type\":\"WebSite\",\"@id\":\"http:\\\/\\\/box2135.temp.domains\\\/~theendb1\\\/#website\",\"url\":\"http:\\\/\\\/box2135.temp.domains\\\/~theendb1\\\/\",\"name\":\"&quot;The End&quot; Book Editors\",\"description\":\"\",\"potentialAction\":[{\"@type\":\"SearchAction\",\"target\":{\"@type\":\"EntryPoint\",\"urlTemplate\":\"http:\\\/\\\/box2135.temp.domains\\\/~theendb1\\\/?s={search_term_string}\"},\"query-input\":{\"@type\":\"PropertyValueSpecification\",\"valueRequired\":true,\"valueName\":\"search_term_string\"}}],\"inLanguage\":\"es\"}]}<\/script>\n<!-- \/ Yoast SEO plugin. -->","yoast_head_json":{"title":"About \"The End\" Book Editors - &quot;The End&quot; Book Editors","robots":{"index":"index","follow":"follow","max-snippet":"max-snippet:-1","max-image-preview":"max-image-preview:large","max-video-preview":"max-video-preview:-1"},"canonical":"https:\/\/theendbookeditors.com\/es\/about\/","og_locale":"es_MX","og_type":"article","og_title":"About \"The End\" Book Editors - &quot;The End&quot; Book Editors","og_description":"Mission To provide high quality editing services that help authors improve their writing and communicate clearly and effectively. Vision I strive to help you reach the vision you have for your book. That is my vision too. Core Values What I Can Offer You Hi. Welcome to &#8220;The End&#8221; Book Editors, formerly known as Stylos [&hellip;]","og_url":"https:\/\/theendbookeditors.com\/es\/about\/","og_site_name":"&quot;The End&quot; Book Editors","article_modified_time":"2025-11-21T13:53:14+00:00","og_image":[{"url":"https:\/\/theendbookeditors.com\/wp-content\/uploads\/2025\/02\/AdobeStock_613332177-1024x512.jpeg","type":"","width":"","height":""}],"twitter_card":"summary_large_image","twitter_misc":{"Tiempo de lectura":"3 minutos"},"schema":{"@context":"https:\/\/schema.org","@graph":[{"@type":"WebPage","@id":"https:\/\/theendbookeditors.com\/about\/","url":"https:\/\/theendbookeditors.com\/about\/","name":"About \"The End\" Book Editors - &quot;The End&quot; Book Editors","isPartOf":{"@id":"http:\/\/box2135.temp.domains\/~theendb1\/#website"},"primaryImageOfPage":{"@id":"https:\/\/theendbookeditors.com\/about\/#primaryimage"},"image":{"@id":"https:\/\/theendbookeditors.com\/about\/#primaryimage"},"thumbnailUrl":"https:\/\/theendbookeditors.com\/wp-content\/uploads\/2025\/02\/AdobeStock_613332177-1024x512.jpeg","datePublished":"2022-08-25T14:27:01+00:00","dateModified":"2025-11-21T13:53:14+00:00","breadcrumb":{"@id":"https:\/\/theendbookeditors.com\/about\/#breadcrumb"},"inLanguage":"es","potentialAction":[{"@type":"ReadAction","target":["https:\/\/theendbookeditors.com\/about\/"]}]},{"@type":"ImageObject","inLanguage":"es","@id":"https:\/\/theendbookeditors.com\/about\/#primaryimage","url":"https:\/\/theendbookeditors.com\/wp-content\/uploads\/2025\/02\/AdobeStock_613332177-1024x512.jpeg","contentUrl":"https:\/\/theendbookeditors.com\/wp-content\/uploads\/2025\/02\/AdobeStock_613332177-1024x512.jpeg"},{"@type":"BreadcrumbList","@id":"https:\/\/theendbookeditors.com\/about\/#breadcrumb","itemListElement":[{"@type":"ListItem","position":1,"name":"Home","item":"https:\/\/theendbookeditors.com\/"},{"@type":"ListItem","position":2,"name":"About &#8220;The End&#8221; Book Editors"}]},{"@type":"WebSite","@id":"http:\/\/box2135.temp.domains\/~theendb1\/#website","url":"http:\/\/box2135.temp.domains\/~theendb1\/","name":"&quot;The End&quot; Book Editors","description":"","potentialAction":[{"@type":"SearchAction","target":{"@type":"EntryPoint","urlTemplate":"http:\/\/box2135.temp.domains\/~theendb1\/?s={search_term_string}"},"query-input":{"@type":"PropertyValueSpecification","valueRequired":true,"valueName":"search_term_string"}}],"inLanguage":"es"}]}},"jetpack_sharing_enabled":true,"_links":{"self":[{"href":"https:\/\/theendbookeditors.com\/es\/wp-json\/wp\/v2\/pages\/25","targetHints":{"allow":["GET"]}}],"collection":[{"href":"https:\/\/theendbookeditors.com\/es\/wp-json\/wp\/v2\/pages"}],"about":[{"href":"https:\/\/theendbookeditors.com\/es\/wp-json\/wp\/v2\/types\/page"}],"author":[{"embeddable":true,"href":"https:\/\/theendbookeditors.com\/es\/wp-json\/wp\/v2\/users\/1"}],"replies":[{"embeddable":true,"href":"https:\/\/theendbookeditors.com\/es\/wp-json\/wp\/v2\/comments?post=25"}],"version-history":[{"count":20,"href":"https:\/\/theendbookeditors.com\/es\/wp-json\/wp\/v2\/pages\/25\/revisions"}],"predecessor-version":[{"id":1564,"href":"https:\/\/theendbookeditors.com\/es\/wp-json\/wp\/v2\/pages\/25\/revisions\/1564"}],"wp:attachment":[{"href":"https:\/\/theendbookeditors.com\/es\/wp-json\/wp\/v2\/media?parent=25"}],"curies":[{"name":"wp","href":"https:\/\/api.w.org\/{rel}","templated":true}]}}